{"id":405,"date":"2022-10-28T10:28:35","date_gmt":"2022-10-28T09:28:35","guid":{"rendered":"https:\/\/gaelscoilnaduglaise.ie\/leathanach-baile\/"},"modified":"2023-09-22T09:43:34","modified_gmt":"2023-09-22T08:43:34","slug":"leathanach-baile","status":"publish","type":"page","link":"https:\/\/gaelscoilnaduglaise.ie\/ga\/","title":{"rendered":"Leathanach Baile"},"content":{"rendered":"<p>[et_pb_section fb_built=&#8221;1&#8243; _builder_version=&#8221;4.19.1&#8243; _module_preset=&#8221;default&#8221; background_color=&#8221;#FFFFFF&#8221; background_enable_image=&#8221;off&#8221; background_size=&#8221;contain&#8221; background_position=&#8221;bottom_center&#8221; background_video_mp4=&#8221;https:\/\/player.vimeo.com\/progressive_redirect\/playback\/783364558\/rendition\/1080p\/file.mp4?loc=external&#038;signature=e2480df152747e288d4cb063b14bccc50aa6da3a2a529a29d0d03314cf0b446b&#8221; background_video_width=&#8221;1280&#8243; background_video_height=&#8221;720&#8243; height=&#8221;90vh&#8221; height_tablet=&#8221;50vh&#8221; height_phone=&#8221;50vh&#8221; height_last_edited=&#8221;on|phone&#8221; custom_margin=&#8221;0px|0px|-1px|0px|false|true&#8221; custom_padding=&#8221;0px|0px|0px|0px|true|true&#8221; bottom_divider_height=&#8221;187px&#8221; bottom_divider_repeat=&#8221;1x&#8221; bottom_divider_arrangement=&#8221;above_content&#8221; global_colors_info=&#8221;{}&#8221;][et_pb_row use_custom_gutter=&#8221;on&#8221; gutter_width=&#8221;1&#8243; make_equal=&#8221;on&#8221; _builder_version=&#8221;4.19.1&#8243; _module_preset=&#8221;default&#8221; background_color=&#8221;rgba(0,0,0,0.4)&#8221; background_image=&#8221;https:\/\/gaelscoilnaduglaise.ie\/wp-content\/uploads\/2022\/10\/GND-Homepage-Header-Decor.png&#8221; background_size=&#8221;contain&#8221; background_position=&#8221;bottom_center&#8221; background_enable_video_mp4=&#8221;off&#8221; width=&#8221;100%&#8221; max_width=&#8221;100%&#8221; height=&#8221;100%&#8221; global_colors_info=&#8221;{}&#8221;][et_pb_column type=&#8221;4_4&#8243; _builder_version=&#8221;4.18.0&#8243; _module_preset=&#8221;default&#8221; global_colors_info=&#8221;{}&#8221;][\/et_pb_column][\/et_pb_row][\/et_pb_section][et_pb_section fb_built=&#8221;1&#8243; _builder_version=&#8221;4.18.0&#8243; _module_preset=&#8221;default&#8221; global_colors_info=&#8221;{}&#8221;][et_pb_row _builder_version=&#8221;4.18.0&#8243; _module_preset=&#8221;default&#8221; global_colors_info=&#8221;{}&#8221;][et_pb_column type=&#8221;4_4&#8243; _builder_version=&#8221;4.18.0&#8243; _module_preset=&#8221;default&#8221; global_colors_info=&#8221;{}&#8221;][et_pb_text _builder_version=&#8221;4.19.1&#8243; _module_preset=&#8221;default&#8221; text_font_size=&#8221;20px&#8221; header_font=&#8221;|700||on|||||&#8221; header_text_align=&#8221;center&#8221; header_font_size=&#8221;2vw&#8221; text_font_size_tablet=&#8221;20px&#8221; text_font_size_phone=&#8221;16px&#8221; text_font_size_last_edited=&#8221;on|desktop&#8221; global_colors_info=&#8221;{}&#8221;]<\/p>\n<h1>F\u00e1ilte go Gaelscoil na Duglaise<\/h1>\n<p>&nbsp;<\/p>\n<p>&nbsp;<\/p>\n<p style=\"font-weight: 400;\">\u00a0 \u00a0 \u00a0 \u00a0 \u00a0 \u00a0 \u00a0 \u00a0 \u00a0 \u00a0 \u00a0 \u00a0 \u00a0 \u00a0 \u00a0 \u00a0 \u00a0 \u00a0 \u00a0 \u00a0 \u00a0 \u00a0 \u00a0 \u00a0 \u00a0 \u00a0 \u00a0 \u00a0 \u00a0 \u00a0 \u00a0 \u00a0 \u00a0 \u00a0 \u00a0 \u00a0 \u00a0 \u00a0 \u00a0 \u00a0 \u00a0 \u00a0 \u00a0 F\u00e1ilte romhat go Gaelscoil na D\u00faglaise.<\/p>\n<p style=\"font-weight: 400;\">T\u00e1 spiorad l\u00e1idir comhoibrithe sa scoil seo agus t\u00e1imid ana-bhr\u00f3d\u00fail as. Cotha\u00edonn an spiorad sin atmaisf\u00e9ar ar leith ar scoil at\u00e1 ana-dhearfach, at\u00e1 d\u00edrithe ar fholl\u00e1ine do ph\u00e1iste\u00a0 agus\u00a0 a chuireann\u00a0 ar chumas na ndalta\u00ed barr a maitheasa a bhaint amach, laistigh agus lasmuigh den seomra ranga. T\u00e1 c\u00e1il ar an scoil seo \u00f3 thaobh aire a thabhairt d\u00e1r ndalta\u00ed agus freastal ar dhalta\u00ed le gach saghas cumas agus r\u00e9imse sp\u00e9ise, agus teasta\u00edonn uainn lean\u00faint ar aghaidh mar sin.\u00a0T\u00e1imid an bhrod\u00fail as an rang uathachais at\u00e1 againn i nGaelscoil na D\u00faglaise. Cuirtear na taca\u00edochta\u00ed c\u00e9anna ar f\u00e1il do na p\u00e1ist\u00ed seo scoil seo \u2018gainne a bhfuil riachtanais speisialta acu is a chuirtear ar f\u00e1il i mbunscoileanna eile.<\/p>\n<p style=\"font-weight: 400;\">\n<p>[\/et_pb_text][\/et_pb_column][\/et_pb_row][\/et_pb_section][et_pb_section fb_built=&#8221;1&#8243; _builder_version=&#8221;4.19.0&#8243; _module_preset=&#8221;default&#8221; custom_padding=&#8221;||0px|||&#8221; global_colors_info=&#8221;{}&#8221;][et_pb_row column_structure=&#8221;1_4,1_4,1_4,1_4&#8243; use_custom_gutter=&#8221;on&#8221; gutter_width=&#8221;1&#8243; _builder_version=&#8221;4.19.1&#8243; _module_preset=&#8221;default&#8221; width=&#8221;100%&#8221; max_width=&#8221;100%&#8221; module_alignment=&#8221;center&#8221; custom_padding=&#8221;0px||0px||false|false&#8221; custom_css_main_element=&#8221;align-items:center&#8221; global_colors_info=&#8221;{}&#8221;][et_pb_column type=&#8221;1_4&#8243; _builder_version=&#8221;4.19.0&#8243; _module_preset=&#8221;default&#8221; global_colors_info=&#8221;{}&#8221;][et_pb_divider show_divider=&#8221;off&#8221; _builder_version=&#8221;4.19.1&#8243; _module_preset=&#8221;default&#8221; background_image=&#8221;https:\/\/gaelscoilnaduglaise.ie\/wp-content\/uploads\/2022\/11\/GND-Homepage-Image-4.jpg&#8221; custom_padding=&#8221;20vh||20vh||true|false&#8221; global_colors_info=&#8221;{}&#8221;][\/et_pb_divider][\/et_pb_column][et_pb_column type=&#8221;1_4&#8243; _builder_version=&#8221;4.19.0&#8243; _module_preset=&#8221;default&#8221; global_colors_info=&#8221;{}&#8221;][et_pb_divider show_divider=&#8221;off&#8221; _builder_version=&#8221;4.19.1&#8243; _module_preset=&#8221;default&#8221; background_image=&#8221;https:\/\/gaelscoilnaduglaise.ie\/wp-content\/uploads\/2023\/01\/Sport-Athletics.jpg&#8221; custom_padding=&#8221;20vh||20vh||true|false&#8221; global_colors_info=&#8221;{}&#8221;][\/et_pb_divider][\/et_pb_column][et_pb_column type=&#8221;1_4&#8243; _builder_version=&#8221;4.19.0&#8243; _module_preset=&#8221;default&#8221; global_colors_info=&#8221;{}&#8221;][et_pb_divider show_divider=&#8221;off&#8221; _builder_version=&#8221;4.19.1&#8243; _module_preset=&#8221;default&#8221; background_image=&#8221;https:\/\/gaelscoilnaduglaise.ie\/wp-content\/uploads\/2022\/11\/GND-Homepage-Image-3.jpg&#8221; custom_padding=&#8221;20vh||20vh||true|false&#8221; global_colors_info=&#8221;{}&#8221;][\/et_pb_divider][\/et_pb_column][et_pb_column type=&#8221;1_4&#8243; _builder_version=&#8221;4.19.0&#8243; _module_preset=&#8221;default&#8221; global_colors_info=&#8221;{}&#8221;][et_pb_divider show_divider=&#8221;off&#8221; _builder_version=&#8221;4.19.1&#8243; _module_preset=&#8221;default&#8221; background_image=&#8221;https:\/\/gaelscoilnaduglaise.ie\/wp-content\/uploads\/2022\/11\/GNA-Apply-Button-Image-02.jpg&#8221; custom_padding=&#8221;20vh||20vh||true|false&#8221; global_colors_info=&#8221;{}&#8221;][\/et_pb_divider][\/et_pb_column][\/et_pb_row][\/et_pb_section][et_pb_section fb_built=&#8221;1&#8243; _builder_version=&#8221;4.19.1&#8243; _module_preset=&#8221;default&#8221; background_color=&#8221;#dbdbdb&#8221; custom_padding=&#8221;20vh||20vh||true|false&#8221; global_colors_info=&#8221;{}&#8221;][et_pb_row column_structure=&#8221;1_3,1_3,1_3&#8243; _builder_version=&#8221;4.18.0&#8243; _module_preset=&#8221;default&#8221; global_colors_info=&#8221;{}&#8221;][et_pb_column type=&#8221;1_3&#8243; _builder_version=&#8221;4.18.0&#8243; _module_preset=&#8221;default&#8221; global_colors_info=&#8221;{}&#8221;][et_pb_number_counter title=&#8221;M\u00fainteoir\u00ed M\u00f3ra&#8221; number=&#8221;30&#8243; percent_sign=&#8221;off&#8221; _builder_version=&#8221;4.19.0&#8243; _module_preset=&#8221;default&#8221; global_colors_info=&#8221;{}&#8221;][\/et_pb_number_counter][\/et_pb_column][et_pb_column type=&#8221;1_3&#8243; _builder_version=&#8221;4.18.0&#8243; _module_preset=&#8221;default&#8221; global_colors_info=&#8221;{}&#8221;][et_pb_number_counter title=&#8221;C\u00f3imheas Mac L\u00e9inn-M\u00fainteora&#8221; number=&#8221;18:1&#8243; percent_sign=&#8221;off&#8221; _builder_version=&#8221;4.19.0&#8243; _module_preset=&#8221;default&#8221; global_colors_info=&#8221;{}&#8221;][\/et_pb_number_counter][\/et_pb_column][et_pb_column type=&#8221;1_3&#8243; _builder_version=&#8221;4.18.0&#8243; _module_preset=&#8221;default&#8221; global_colors_info=&#8221;{}&#8221;][et_pb_number_counter title=&#8221;Cunt\u00f3ir Riachtanais Speisialta&#8221; number=&#8221;10&#8243; percent_sign=&#8221;off&#8221; _builder_version=&#8221;4.19.0&#8243; _module_preset=&#8221;default&#8221; global_colors_info=&#8221;{}&#8221;][\/et_pb_number_counter][\/et_pb_column][\/et_pb_row][\/et_pb_section][et_pb_section fb_built=&#8221;1&#8243; admin_label=&#8221;Zoom in Text Section&#8221; _builder_version=&#8221;4.18.0&#8243; _module_preset=&#8221;default&#8221; background_enable_image=&#8221;off&#8221; custom_padding=&#8221;0px||0px||true|false&#8221; global_colors_info=&#8221;{}&#8221;][et_pb_row use_custom_gutter=&#8221;on&#8221; gutter_width=&#8221;1&#8243; make_equal=&#8221;on&#8221; _builder_version=&#8221;4.19.0&#8243; _module_preset=&#8221;default&#8221; background_color=&#8221;#FFFFFF&#8221; background_image=&#8221;https:\/\/gaelscoilnaduglaise.ie\/wp-content\/uploads\/2022\/11\/Section-Bkg-image-1.jpg&#8221; width=&#8221;100%&#8221; max_width=&#8221;100%&#8221; module_alignment=&#8221;center&#8221; custom_padding=&#8221;25vh||25vh||true|true&#8221; animation_style=&#8221;zoom&#8221; animation_duration=&#8221;900ms&#8221; animation_delay=&#8221;500ms&#8221; border_radii=&#8221;on|3px|3px|3px|3px&#8221; global_colors_info=&#8221;{}&#8221;][et_pb_column type=&#8221;4_4&#8243; _builder_version=&#8221;4.18.0&#8243; _module_preset=&#8221;default&#8221; global_colors_info=&#8221;{}&#8221;][et_pb_text _builder_version=&#8221;4.19.1&#8243; _module_preset=&#8221;default&#8221; header_font=&#8221;Libre Franklin|600|||||||&#8221; header_4_font=&#8221;Libre Franklin||||||||&#8221; header_4_text_color=&#8221;#FFFFFF&#8221; header_4_font_size=&#8221;20px&#8221; header_4_letter_spacing=&#8221;1px&#8221; header_4_line_height=&#8221;1.4em&#8221; background_color=&#8221;#074684&#8243; width=&#8221;30%&#8221; width_tablet=&#8221;80%&#8221; width_phone=&#8221;70%&#8221; width_last_edited=&#8221;on|phone&#8221; module_alignment=&#8221;center&#8221; custom_padding=&#8221;2rem|2rem|2rem|2rem|true|true&#8221; animation_style=&#8221;zoom&#8221; animation_delay=&#8221;1500ms&#8221; header_4_text_align_tablet=&#8221;&#8221; header_4_text_align_phone=&#8221;center&#8221; header_4_text_align_last_edited=&#8221;on|phone&#8221; header_4_font_size_tablet=&#8221;20px&#8221; header_4_font_size_phone=&#8221;16px&#8221; header_4_font_size_last_edited=&#8221;on|phone&#8221; border_radii=&#8221;on|6px|6px|6px|6px&#8221; global_colors_info=&#8221;{}&#8221;]<\/p>\n<h4>Is ionann d\u00e1theangachas agus an cumas labhairt, l\u00e9amh agus scr\u00edobh in dh\u00e1 theanga. Tugann taighde le fios go dtugann oideachas d\u00e1theangach bunt\u00e1ist\u00ed breise do dhalta\u00ed as a bheith in ann dh\u00e1 theanga a \u00fas\u00e1id agus a bheith feasach ar chult\u00fair eile. Is \u00e9ard at\u00e1 i gceist againn leis an d\u00e9litearthacht an cumas breise chun bogadh go muin\u00edneach agus go r\u00e9idh idir an Ghaeilge agus an B\u00e9arla chun cr\u00edocha \u00e9ags\u00fala.<\/h4>\n<p>[\/et_pb_text][\/et_pb_column][\/et_pb_row][\/et_pb_section][et_pb_section fb_built=&#8221;1&#8243; _builder_version=&#8221;4.18.0&#8243; _module_preset=&#8221;default&#8221; locked=&#8221;off&#8221; global_colors_info=&#8221;{}&#8221;][et_pb_row _builder_version=&#8221;4.18.0&#8243; _module_preset=&#8221;default&#8221; global_colors_info=&#8221;{}&#8221;][et_pb_column type=&#8221;4_4&#8243; _builder_version=&#8221;4.18.0&#8243; _module_preset=&#8221;default&#8221; global_colors_info=&#8221;{}&#8221;][et_pb_text _builder_version=&#8221;4.19.1&#8243; _module_preset=&#8221;default&#8221; text_font_size=&#8221;20px&#8221; text_line_height=&#8221;1.5em&#8221; header_font=&#8221;|700||on|||||&#8221; header_text_align=&#8221;center&#8221; header_font_size=&#8221;2vw&#8221; text_font_size_tablet=&#8221;18px&#8221; text_font_size_phone=&#8221;14px&#8221; text_font_size_last_edited=&#8221;on|phone&#8221; global_colors_info=&#8221;{}&#8221;]<\/p>\n<p>Is \u00e9 mana na scoile n\u00e1 &#8216;Doras Feasa Fiafra\u00ed&#8217; as a spreagfar gach p\u00e1iste chun fiosrachta i dtreo an eolais tr\u00ed mhe\u00e1n na Gaeilge. Beidh an p\u00e1iste in a c(h)ro\u00edl\u00e1r den saol scoile agus s\u00e9 leas an ph\u00e1iste a bheidh in a bhunchloch de gach cine a th\u00f3gfar. Coth\u00f3far timpeallacht shona shocair in a mbainfidh gach p\u00e1iste barra a c(h)umais amach go teangeola\u00edoch, go cogneola\u00edoch, go s\u00f3isialta, go fisici\u00fail, go h-aest\u00e9iti\u00fail, go spiorad\u00e1lta is go m\u00f3r\u00e1lta.<\/p>\n<p>[\/et_pb_text][\/et_pb_column][\/et_pb_row][\/et_pb_section][et_pb_section fb_built=&#8221;1&#8243; _builder_version=&#8221;4.18.0&#8243; _module_preset=&#8221;default&#8221; background_image=&#8221;https:\/\/gaelscoilnaduglaise.ie\/wp-content\/uploads\/2022\/10\/GND-Temp-Bkg-Image.jpg&#8221; parallax=&#8221;on&#8221; parallax_method=&#8221;off&#8221; custom_padding=&#8221;0px||300px||false|false&#8221; global_colors_info=&#8221;{}&#8221;][et_pb_row use_custom_gutter=&#8221;on&#8221; gutter_width=&#8221;1&#8243; _builder_version=&#8221;4.18.0&#8243; _module_preset=&#8221;default&#8221; width=&#8221;100%&#8221; max_width=&#8221;100%&#8221; module_alignment=&#8221;center&#8221; custom_margin=&#8221;0px||||false|false&#8221; custom_padding=&#8221;0px||||false|false&#8221; global_colors_info=&#8221;{}&#8221;][et_pb_column type=&#8221;4_4&#8243; _builder_version=&#8221;4.18.0&#8243; _module_preset=&#8221;default&#8221; global_colors_info=&#8221;{}&#8221;][et_pb_image src=&#8221;https:\/\/gaelscoilnaduglaise.ie\/wp-content\/uploads\/2022\/10\/GND-End-Page-Shape.png&#8221; title_text=&#8221;GND End Page Shape&#8221; align=&#8221;center&#8221; force_fullwidth=&#8221;on&#8221; _builder_version=&#8221;4.18.0&#8243; _module_preset=&#8221;default&#8221; custom_margin=&#8221;0px||||false|false&#8221; custom_padding=&#8221;0px||||false|false&#8221; global_colors_info=&#8221;{}&#8221;][\/et_pb_image][\/et_pb_column][\/et_pb_row][et_pb_row _builder_version=&#8221;4.18.0&#8243; _module_preset=&#8221;default&#8221; global_colors_info=&#8221;{}&#8221;][et_pb_column type=&#8221;4_4&#8243; _builder_version=&#8221;4.18.0&#8243; _module_preset=&#8221;default&#8221; global_colors_info=&#8221;{}&#8221;][et_pb_text _builder_version=&#8221;4.19.1&#8243; _module_preset=&#8221;default&#8221; header_2_font_size=&#8221;2vw&#8221; text_orientation=&#8221;center&#8221; background_layout=&#8221;dark&#8221; global_colors_info=&#8221;{}&#8221;]<\/p>\n<h2>B\u00edg\u00ed len\u00e1r Scoil<\/h2>\n<p>[\/et_pb_text][et_pb_button button_url=&#8221;https:\/\/gaelscoilnaduglaise.ie\/ga\/iontralacha\/&#8221; button_text=&#8221;Apply Today&#8221; button_alignment=&#8221;center&#8221; _builder_version=&#8221;4.19.0&#8243; _module_preset=&#8221;default&#8221; custom_button=&#8221;on&#8221; button_text_color=&#8221;#FFFFFF&#8221; button_use_icon=&#8221;off&#8221; global_colors_info=&#8221;{}&#8221; button_bg_color__hover_enabled=&#8221;on|hover&#8221; button_bg_color__hover=&#8221;rgba(0,0,0,0.44)&#8221; button_bg_enable_color__hover=&#8221;on&#8221;][\/et_pb_button][\/et_pb_column][\/et_pb_row][\/et_pb_section]<\/p>\n","protected":false},"excerpt":{"rendered":"<p>F\u00e1ilte go Gaelscoil na Duglaise &nbsp; &nbsp; \u00a0 \u00a0 \u00a0 \u00a0 \u00a0 \u00a0 \u00a0 \u00a0 \u00a0 \u00a0 \u00a0 \u00a0 \u00a0 \u00a0 \u00a0 \u00a0 \u00a0 \u00a0 \u00a0 \u00a0 \u00a0 \u00a0 \u00a0 \u00a0 \u00a0 \u00a0 \u00a0 \u00a0 \u00a0 \u00a0 \u00a0 \u00a0 \u00a0 \u00a0 \u00a0 \u00a0 \u00a0 \u00a0 \u00a0 \u00a0 \u00a0 \u00a0 \u00a0 F\u00e1ilte romhat go Gaelscoil na [&hellip;]<\/p>\n","protected":false},"author":1,"featured_media":0,"parent":0,"menu_order":0,"comment_status":"closed","ping_status":"closed","template":"","meta":{"_et_pb_use_builder":"on","_et_pb_old_content":"","_et_gb_content_width":"","ngg_post_thumbnail":0,"footnotes":""},"class_list":["post-405","page","type-page","status-publish","hentry"],"yoast_head":"<!-- This site is optimized with the Yoast SEO plugin v24.0 - https:\/\/yoast.com\/wordpress\/plugins\/seo\/ -->\n<title>Leathanach Baile - GND<\/title>\n<meta name=\"robots\" content=\"index, follow, max-snippet:-1, max-image-preview:large, max-video-preview:-1\" \/>\n<link rel=\"canonical\" href=\"https:\/\/gaelscoilnaduglaise.ie\/ga\/leathanach-baile\/\" \/>\n<meta property=\"og:locale\" content=\"ga_IE\" \/>\n<meta property=\"og:type\" content=\"article\" \/>\n<meta property=\"og:title\" content=\"Leathanach Baile - GND\" \/>\n<meta property=\"og:description\" content=\"F\u00e1ilte go Gaelscoil na Duglaise &nbsp; &nbsp; \u00a0 \u00a0 \u00a0 \u00a0 \u00a0 \u00a0 \u00a0 \u00a0 \u00a0 \u00a0 \u00a0 \u00a0 \u00a0 \u00a0 \u00a0 \u00a0 \u00a0 \u00a0 \u00a0 \u00a0 \u00a0 \u00a0 \u00a0 \u00a0 \u00a0 \u00a0 \u00a0 \u00a0 \u00a0 \u00a0 \u00a0 \u00a0 \u00a0 \u00a0 \u00a0 \u00a0 \u00a0 \u00a0 \u00a0 \u00a0 \u00a0 \u00a0 \u00a0 F\u00e1ilte romhat go Gaelscoil na [&hellip;]\" \/>\n<meta property=\"og:url\" content=\"https:\/\/gaelscoilnaduglaise.ie\/ga\/leathanach-baile\/\" \/>\n<meta property=\"og:site_name\" content=\"GND\" \/>\n<meta property=\"article:modified_time\" content=\"2023-09-22T08:43:34+00:00\" \/>\n<meta name=\"twitter:card\" content=\"summary_large_image\" \/>\n<meta name=\"twitter:label1\" content=\"Est. reading time\" \/>\n\t<meta name=\"twitter:data1\" content=\"8 minutes\" \/>\n<script type=\"application\/ld+json\" class=\"yoast-schema-graph\">{\"@context\":\"https:\/\/schema.org\",\"@graph\":[{\"@type\":\"WebPage\",\"@id\":\"https:\/\/gaelscoilnaduglaise.ie\/ga\/leathanach-baile\/\",\"url\":\"https:\/\/gaelscoilnaduglaise.ie\/ga\/leathanach-baile\/\",\"name\":\"Leathanach Baile - GND\",\"isPartOf\":{\"@id\":\"https:\/\/gaelscoilnaduglaise.ie\/#website\"},\"datePublished\":\"2022-10-28T09:28:35+00:00\",\"dateModified\":\"2023-09-22T08:43:34+00:00\",\"breadcrumb\":{\"@id\":\"https:\/\/gaelscoilnaduglaise.ie\/ga\/leathanach-baile\/#breadcrumb\"},\"inLanguage\":\"ga-IE\",\"potentialAction\":[{\"@type\":\"ReadAction\",\"target\":[\"https:\/\/gaelscoilnaduglaise.ie\/ga\/leathanach-baile\/\"]}]},{\"@type\":\"BreadcrumbList\",\"@id\":\"https:\/\/gaelscoilnaduglaise.ie\/ga\/leathanach-baile\/#breadcrumb\",\"itemListElement\":[{\"@type\":\"ListItem\",\"position\":1,\"name\":\"Home\",\"item\":\"https:\/\/gaelscoilnaduglaise.ie\/ga\/leathanach-baile\/\"},{\"@type\":\"ListItem\",\"position\":2,\"name\":\"Leathanach Baile\"}]},{\"@type\":\"WebSite\",\"@id\":\"https:\/\/gaelscoilnaduglaise.ie\/#website\",\"url\":\"https:\/\/gaelscoilnaduglaise.ie\/\",\"name\":\"Gaelscoil na Duglaise\",\"description\":\"Gaelscoil Na Duglaise\",\"publisher\":{\"@id\":\"https:\/\/gaelscoilnaduglaise.ie\/#organization\"},\"potentialAction\":[{\"@type\":\"SearchAction\",\"target\":{\"@type\":\"EntryPoint\",\"urlTemplate\":\"https:\/\/gaelscoilnaduglaise.ie\/?s={search_term_string}\"},\"query-input\":{\"@type\":\"PropertyValueSpecification\",\"valueRequired\":true,\"valueName\":\"search_term_string\"}}],\"inLanguage\":\"ga-IE\"},{\"@type\":\"Organization\",\"@id\":\"https:\/\/gaelscoilnaduglaise.ie\/#organization\",\"name\":\"Gaelscoil na Duglaise\",\"url\":\"https:\/\/gaelscoilnaduglaise.ie\/\",\"logo\":{\"@type\":\"ImageObject\",\"inLanguage\":\"ga-IE\",\"@id\":\"https:\/\/gaelscoilnaduglaise.ie\/#\/schema\/logo\/image\/\",\"url\":\"https:\/\/gaelscoilnaduglaise.ie\/wp-content\/uploads\/2023\/09\/GND-Logo-Dark-1.png\",\"contentUrl\":\"https:\/\/gaelscoilnaduglaise.ie\/wp-content\/uploads\/2023\/09\/GND-Logo-Dark-1.png\",\"width\":400,\"height\":100,\"caption\":\"Gaelscoil na Duglaise\"},\"image\":{\"@id\":\"https:\/\/gaelscoilnaduglaise.ie\/#\/schema\/logo\/image\/\"}}]}<\/script>\n<!-- \/ Yoast SEO plugin. -->","yoast_head_json":{"title":"Leathanach Baile - GND","robots":{"index":"index","follow":"follow","max-snippet":"max-snippet:-1","max-image-preview":"max-image-preview:large","max-video-preview":"max-video-preview:-1"},"canonical":"https:\/\/gaelscoilnaduglaise.ie\/ga\/leathanach-baile\/","og_locale":"ga_IE","og_type":"article","og_title":"Leathanach Baile - GND","og_description":"F\u00e1ilte go Gaelscoil na Duglaise &nbsp; &nbsp; \u00a0 \u00a0 \u00a0 \u00a0 \u00a0 \u00a0 \u00a0 \u00a0 \u00a0 \u00a0 \u00a0 \u00a0 \u00a0 \u00a0 \u00a0 \u00a0 \u00a0 \u00a0 \u00a0 \u00a0 \u00a0 \u00a0 \u00a0 \u00a0 \u00a0 \u00a0 \u00a0 \u00a0 \u00a0 \u00a0 \u00a0 \u00a0 \u00a0 \u00a0 \u00a0 \u00a0 \u00a0 \u00a0 \u00a0 \u00a0 \u00a0 \u00a0 \u00a0 F\u00e1ilte romhat go Gaelscoil na [&hellip;]","og_url":"https:\/\/gaelscoilnaduglaise.ie\/ga\/leathanach-baile\/","og_site_name":"GND","article_modified_time":"2023-09-22T08:43:34+00:00","twitter_card":"summary_large_image","twitter_misc":{"Est. reading time":"8 minutes"},"schema":{"@context":"https:\/\/schema.org","@graph":[{"@type":"WebPage","@id":"https:\/\/gaelscoilnaduglaise.ie\/ga\/leathanach-baile\/","url":"https:\/\/gaelscoilnaduglaise.ie\/ga\/leathanach-baile\/","name":"Leathanach Baile - GND","isPartOf":{"@id":"https:\/\/gaelscoilnaduglaise.ie\/#website"},"datePublished":"2022-10-28T09:28:35+00:00","dateModified":"2023-09-22T08:43:34+00:00","breadcrumb":{"@id":"https:\/\/gaelscoilnaduglaise.ie\/ga\/leathanach-baile\/#breadcrumb"},"inLanguage":"ga-IE","potentialAction":[{"@type":"ReadAction","target":["https:\/\/gaelscoilnaduglaise.ie\/ga\/leathanach-baile\/"]}]},{"@type":"BreadcrumbList","@id":"https:\/\/gaelscoilnaduglaise.ie\/ga\/leathanach-baile\/#breadcrumb","itemListElement":[{"@type":"ListItem","position":1,"name":"Home","item":"https:\/\/gaelscoilnaduglaise.ie\/ga\/leathanach-baile\/"},{"@type":"ListItem","position":2,"name":"Leathanach Baile"}]},{"@type":"WebSite","@id":"https:\/\/gaelscoilnaduglaise.ie\/#website","url":"https:\/\/gaelscoilnaduglaise.ie\/","name":"Gaelscoil na Duglaise","description":"Gaelscoil Na Duglaise","publisher":{"@id":"https:\/\/gaelscoilnaduglaise.ie\/#organization"},"potentialAction":[{"@type":"SearchAction","target":{"@type":"EntryPoint","urlTemplate":"https:\/\/gaelscoilnaduglaise.ie\/?s={search_term_string}"},"query-input":{"@type":"PropertyValueSpecification","valueRequired":true,"valueName":"search_term_string"}}],"inLanguage":"ga-IE"},{"@type":"Organization","@id":"https:\/\/gaelscoilnaduglaise.ie\/#organization","name":"Gaelscoil na Duglaise","url":"https:\/\/gaelscoilnaduglaise.ie\/","logo":{"@type":"ImageObject","inLanguage":"ga-IE","@id":"https:\/\/gaelscoilnaduglaise.ie\/#\/schema\/logo\/image\/","url":"https:\/\/gaelscoilnaduglaise.ie\/wp-content\/uploads\/2023\/09\/GND-Logo-Dark-1.png","contentUrl":"https:\/\/gaelscoilnaduglaise.ie\/wp-content\/uploads\/2023\/09\/GND-Logo-Dark-1.png","width":400,"height":100,"caption":"Gaelscoil na Duglaise"},"image":{"@id":"https:\/\/gaelscoilnaduglaise.ie\/#\/schema\/logo\/image\/"}}]}},"_links":{"self":[{"href":"https:\/\/gaelscoilnaduglaise.ie\/ga\/wp-json\/wp\/v2\/pages\/405","targetHints":{"allow":["GET"]}}],"collection":[{"href":"https:\/\/gaelscoilnaduglaise.ie\/ga\/wp-json\/wp\/v2\/pages"}],"about":[{"href":"https:\/\/gaelscoilnaduglaise.ie\/ga\/wp-json\/wp\/v2\/types\/page"}],"author":[{"embeddable":true,"href":"https:\/\/gaelscoilnaduglaise.ie\/ga\/wp-json\/wp\/v2\/users\/1"}],"replies":[{"embeddable":true,"href":"https:\/\/gaelscoilnaduglaise.ie\/ga\/wp-json\/wp\/v2\/comments?post=405"}],"version-history":[{"count":28,"href":"https:\/\/gaelscoilnaduglaise.ie\/ga\/wp-json\/wp\/v2\/pages\/405\/revisions"}],"predecessor-version":[{"id":1223,"href":"https:\/\/gaelscoilnaduglaise.ie\/ga\/wp-json\/wp\/v2\/pages\/405\/revisions\/1223"}],"wp:attachment":[{"href":"https:\/\/gaelscoilnaduglaise.ie\/ga\/wp-json\/wp\/v2\/media?parent=405"}],"curies":[{"name":"wp","href":"https:\/\/api.w.org\/{rel}","templated":true}]}}