{"id":414,"date":"2022-11-20T15:33:16","date_gmt":"2022-11-20T15:33:16","guid":{"rendered":"https:\/\/gaelscoilnaduglaise.ie\/eolas\/"},"modified":"2023-09-25T13:02:51","modified_gmt":"2023-09-25T12:02:51","slug":"eolas","status":"publish","type":"page","link":"https:\/\/gaelscoilnaduglaise.ie\/ga\/eolas\/","title":{"rendered":"Stair na Scoile"},"content":{"rendered":"<p>[et_pb_section admin_label=&#8221;section&#8221;]<br \/>\n\t\t\t[et_pb_row admin_label=&#8221;row&#8221;]<br \/>\n\t\t\t\t[et_pb_column type=&#8221;4_4&#8243;][et_pb_text admin_label=&#8221;Text&#8221;]<\/p>\n<p>Buna\u00edodh Gaelscoil na D\u00faglaise\u00a0i M\u00e9an f\u00f3mhair 1985 de bharr feachtais a chuir scata tuismitheoir\u00ed agus daoine eile gur sp\u00e9is leo an Ghaeilge agus an Ghaelscola\u00edocht, i gcr\u00edch.<\/p>\n<p>Ainmn\u00edodh an scoil ar dt\u00fas<strong>\u00a0<\/strong>in on\u00f3ir an Athar Tadhg \u00d3 Murch\u00fa. Sagart na Gaeilge mar a b\u2019fhearr aithne air i gCathair Chorca\u00ed. Ar feadh tr\u00e9imhse fada bh\u00ed s\u00e9 ina mh\u00fainteoir Ghaeilge i bhFearann Phiarais agus ina dhiaidh sin bh\u00ed s\u00e9 ina shagart i gCarraig na bhFear. Ba mh\u00f3r a chl\u00fa agus a ch\u00e1il i nGaeltacht Chorca Dhuibhne \u00e1it a bhunaigh s\u00e9 Br\u00fa na Gr\u00e1ige. Is ann a fuair go leor daoine \u00f3ga blaiseadh ar an nGaeilge.<\/p>\n<p><span class=\"TextRun SCXW103273358 BCX0\" lang=\"EN-IE\" xml:lang=\"EN-IE\" data-contrast=\"none\"><span class=\"NormalTextRun SCXW103273358 BCX0\"><img loading=\"lazy\" decoding=\"async\" class=\"alignnone size-medium wp-image-1396\" src=\"https:\/\/gaelscoilnaduglaise.ie\/wp-content\/uploads\/2023\/09\/StairnaScoile1-442x600.jpg\" alt=\"StairnaScoile1\" width=\"442\" height=\"600\" \/><\/span><\/span><\/p>\n<p>Thosaigh an scoil amach i seomra\u00ed de chuid br\u00e1ithre na Toirbhirte ar bh\u00f3thar na D\u00faglaise \u00e1it ina bhfuil Reeveswood lonnaithe anois. Bh\u00ed gaol an -dearfach ag an scoil leis na br\u00e1ithre \u00f3n gc\u00e9ad l\u00e1. Ceapadh\u00a0M\u00e1ire U\u00ed Chonghaile mar ch\u00e9ad phr\u00edomhoide na scoile i 1985. D\u2019oscail an scoil le 20 p\u00e1iste.<\/p>\n<p>\u00a0<img loading=\"lazy\" decoding=\"async\" class=\"alignnone size-medium wp-image-1398\" src=\"https:\/\/gaelscoilnaduglaise.ie\/wp-content\/uploads\/2023\/09\/StairnaScoile2-744x600.jpg\" alt=\"StairnaScoile2\" width=\"744\" height=\"600\" \/><\/p>\n<p>B\u2019\u00e9\u00a0S\u00e9amas \u00d3 Riain<strong>\u00a0<\/strong>a bh\u00ed in a ch\u00e9ad chathaoirleach ar an mBord Bainist\u00edochta. In a dhiaidh, ceapadh\u00a0Derek \u00d3 Nuall\u00e1in<strong>\u00a0<\/strong>mar chathaoirleach.<\/p>\n<p>Chaith\u00a0P\u00e1draig Mac Fhlannchadha seal mar phr\u00edomhoide \u00f3 2000 agus is \u00ed Niamh N\u00ed Mhaol\u00e1in an pr\u00edomhoide reatha \u00f3 2002.<\/p>\n<p>\u00a0<img loading=\"lazy\" decoding=\"async\" class=\"alignnone size-medium wp-image-1400\" src=\"https:\/\/gaelscoilnaduglaise.ie\/wp-content\/uploads\/2023\/09\/StairnaScoile3-800x565.png\" alt=\"StairnaScoile3\" width=\"800\" height=\"565\" \/><\/p>\n<p>De bharr comhoibri\u00fa den scoth idir bhainisteoir\u00ed, mh\u00fainteoir\u00ed agus thuismitheoir\u00ed, bhogamar isteach i bhfoirgneamh \u00farnua,\u00a0laistiar den Chuarbh\u00f3thar Theas.\u00a0D\u2019oscail Miche\u00e1l \u00d3 M\u00e1irt\u00edn\u00a0an scoil go hoifigi\u00fail i 1996.<\/p>\n<p>\u00a0<img loading=\"lazy\" decoding=\"async\" class=\"alignnone size-medium wp-image-1402\" src=\"https:\/\/gaelscoilnaduglaise.ie\/wp-content\/uploads\/2023\/09\/StairnaScoile4-800x532.jpg\" alt=\"StairnaScoile4\" width=\"800\" height=\"532\" \/><\/p>\n<p>N\u00edorbh fhada,\u00e1fach, go raibh s\u00e9 an shoil\u00e9ir nach raibh an scoil m\u00f3r a dh\u00f3thain agus oscla\u00edodh s\u00edneadh scoile le hocht seomra ranga eile i 2004. \u00a0Faoi l\u00e1thair, t\u00e1 seachtar is fiche m\u00fainteoir agus naon\u00far cunt\u00f3ir riachtanais speisialta\u00a0ag obair sa scoil le breis is\u00a0450 p\u00e1iste\u00a0 \u00a0faoin a gc\u00faram. Ceada\u00edodh s\u00edneadh eile i 2022 agus t\u00e1imid ag s\u00edl go m\u00f3r leis an gc\u00e9ad chaibidil eile a scr\u00edobh.<\/p>\n<p>\u00a0<img loading=\"lazy\" decoding=\"async\" class=\"alignnone size-medium wp-image-1404\" src=\"https:\/\/gaelscoilnaduglaise.ie\/wp-content\/uploads\/2023\/09\/StairnaScoile5-800x446.jpg\" alt=\"StairnaScoile5\" width=\"800\" height=\"446\" \/> \u00a0<\/p>\n<p>[\/et_pb_text][\/et_pb_column]<br \/>\n\t\t\t[\/et_pb_row]<br \/>\n\t\t[\/et_pb_section]<\/p>\n","protected":false},"excerpt":{"rendered":"<p>Buna\u00edodh Gaelscoil na D\u00faglaise\u00a0i M\u00e9an f\u00f3mhair 1985 de bharr feachtais a chuir scata tuismitheoir\u00ed agus daoine eile gur sp\u00e9is leo an Ghaeilge agus an Ghaelscola\u00edocht, i gcr\u00edch. Ainmn\u00edodh an scoil ar dt\u00fas\u00a0in on\u00f3ir an Athar Tadhg \u00d3 Murch\u00fa. Sagart na Gaeilge mar a b\u2019fhearr aithne air i gCathair Chorca\u00ed. Ar feadh tr\u00e9imhse fada bh\u00ed s\u00e9 [&hellip;]<\/p>\n","protected":false},"author":1,"featured_media":0,"parent":0,"menu_order":0,"comment_status":"closed","ping_status":"closed","template":"","meta":{"_et_pb_use_builder":"on","_et_pb_old_content":"","_et_gb_content_width":"","ngg_post_thumbnail":0,"footnotes":""},"class_list":["post-414","page","type-page","status-publish","hentry"],"yoast_head":"<!-- This site is optimized with the Yoast SEO plugin v24.0 - https:\/\/yoast.com\/wordpress\/plugins\/seo\/ -->\n<title>Stair na Scoile - GND<\/title>\n<meta name=\"robots\" content=\"index, follow, max-snippet:-1, max-image-preview:large, max-video-preview:-1\" \/>\n<link rel=\"canonical\" href=\"https:\/\/gaelscoilnaduglaise.ie\/ga\/eolas\/\" \/>\n<meta property=\"og:locale\" content=\"ga_IE\" \/>\n<meta property=\"og:type\" content=\"article\" \/>\n<meta property=\"og:title\" content=\"Stair na Scoile - GND\" \/>\n<meta property=\"og:description\" content=\"Buna\u00edodh Gaelscoil na D\u00faglaise\u00a0i M\u00e9an f\u00f3mhair 1985 de bharr feachtais a chuir scata tuismitheoir\u00ed agus daoine eile gur sp\u00e9is leo an Ghaeilge agus an Ghaelscola\u00edocht, i gcr\u00edch. Ainmn\u00edodh an scoil ar dt\u00fas\u00a0in on\u00f3ir an Athar Tadhg \u00d3 Murch\u00fa. Sagart na Gaeilge mar a b\u2019fhearr aithne air i gCathair Chorca\u00ed. Ar feadh tr\u00e9imhse fada bh\u00ed s\u00e9 [&hellip;]\" \/>\n<meta property=\"og:url\" content=\"https:\/\/gaelscoilnaduglaise.ie\/ga\/eolas\/\" \/>\n<meta property=\"og:site_name\" content=\"GND\" \/>\n<meta property=\"article:modified_time\" content=\"2023-09-25T12:02:51+00:00\" \/>\n<meta property=\"og:image\" content=\"https:\/\/gaelscoilnaduglaise.ie\/wp-content\/uploads\/2023\/09\/StairnaScoile1-442x600.jpg\" \/>\n<meta name=\"twitter:card\" content=\"summary_large_image\" \/>\n<meta name=\"twitter:label1\" content=\"Est. reading time\" \/>\n\t<meta name=\"twitter:data1\" content=\"2 minutes\" \/>\n<script type=\"application\/ld+json\" class=\"yoast-schema-graph\">{\"@context\":\"https:\/\/schema.org\",\"@graph\":[{\"@type\":\"WebPage\",\"@id\":\"https:\/\/gaelscoilnaduglaise.ie\/ga\/eolas\/\",\"url\":\"https:\/\/gaelscoilnaduglaise.ie\/ga\/eolas\/\",\"name\":\"Stair na Scoile - GND\",\"isPartOf\":{\"@id\":\"https:\/\/gaelscoilnaduglaise.ie\/#website\"},\"primaryImageOfPage\":{\"@id\":\"https:\/\/gaelscoilnaduglaise.ie\/ga\/eolas\/#primaryimage\"},\"image\":{\"@id\":\"https:\/\/gaelscoilnaduglaise.ie\/ga\/eolas\/#primaryimage\"},\"thumbnailUrl\":\"https:\/\/gaelscoilnaduglaise.ie\/wp-content\/uploads\/2023\/09\/StairnaScoile1-442x600.jpg\",\"datePublished\":\"2022-11-20T15:33:16+00:00\",\"dateModified\":\"2023-09-25T12:02:51+00:00\",\"breadcrumb\":{\"@id\":\"https:\/\/gaelscoilnaduglaise.ie\/ga\/eolas\/#breadcrumb\"},\"inLanguage\":\"ga-IE\",\"potentialAction\":[{\"@type\":\"ReadAction\",\"target\":[\"https:\/\/gaelscoilnaduglaise.ie\/ga\/eolas\/\"]}]},{\"@type\":\"ImageObject\",\"inLanguage\":\"ga-IE\",\"@id\":\"https:\/\/gaelscoilnaduglaise.ie\/ga\/eolas\/#primaryimage\",\"url\":\"https:\/\/gaelscoilnaduglaise.ie\/wp-content\/uploads\/2023\/09\/StairnaScoile1-442x600.jpg\",\"contentUrl\":\"https:\/\/gaelscoilnaduglaise.ie\/wp-content\/uploads\/2023\/09\/StairnaScoile1-442x600.jpg\"},{\"@type\":\"BreadcrumbList\",\"@id\":\"https:\/\/gaelscoilnaduglaise.ie\/ga\/eolas\/#breadcrumb\",\"itemListElement\":[{\"@type\":\"ListItem\",\"position\":1,\"name\":\"Home\",\"item\":\"https:\/\/gaelscoilnaduglaise.ie\/ga\/leathanach-baile\/\"},{\"@type\":\"ListItem\",\"position\":2,\"name\":\"Stair na Scoile\"}]},{\"@type\":\"WebSite\",\"@id\":\"https:\/\/gaelscoilnaduglaise.ie\/#website\",\"url\":\"https:\/\/gaelscoilnaduglaise.ie\/\",\"name\":\"Gaelscoil na Duglaise\",\"description\":\"Gaelscoil Na Duglaise\",\"publisher\":{\"@id\":\"https:\/\/gaelscoilnaduglaise.ie\/#organization\"},\"potentialAction\":[{\"@type\":\"SearchAction\",\"target\":{\"@type\":\"EntryPoint\",\"urlTemplate\":\"https:\/\/gaelscoilnaduglaise.ie\/?s={search_term_string}\"},\"query-input\":{\"@type\":\"PropertyValueSpecification\",\"valueRequired\":true,\"valueName\":\"search_term_string\"}}],\"inLanguage\":\"ga-IE\"},{\"@type\":\"Organization\",\"@id\":\"https:\/\/gaelscoilnaduglaise.ie\/#organization\",\"name\":\"Gaelscoil na Duglaise\",\"url\":\"https:\/\/gaelscoilnaduglaise.ie\/\",\"logo\":{\"@type\":\"ImageObject\",\"inLanguage\":\"ga-IE\",\"@id\":\"https:\/\/gaelscoilnaduglaise.ie\/#\/schema\/logo\/image\/\",\"url\":\"https:\/\/gaelscoilnaduglaise.ie\/wp-content\/uploads\/2023\/09\/GND-Logo-Dark-1.png\",\"contentUrl\":\"https:\/\/gaelscoilnaduglaise.ie\/wp-content\/uploads\/2023\/09\/GND-Logo-Dark-1.png\",\"width\":400,\"height\":100,\"caption\":\"Gaelscoil na Duglaise\"},\"image\":{\"@id\":\"https:\/\/gaelscoilnaduglaise.ie\/#\/schema\/logo\/image\/\"}}]}<\/script>\n<!-- \/ Yoast SEO plugin. -->","yoast_head_json":{"title":"Stair na Scoile - GND","robots":{"index":"index","follow":"follow","max-snippet":"max-snippet:-1","max-image-preview":"max-image-preview:large","max-video-preview":"max-video-preview:-1"},"canonical":"https:\/\/gaelscoilnaduglaise.ie\/ga\/eolas\/","og_locale":"ga_IE","og_type":"article","og_title":"Stair na Scoile - GND","og_description":"Buna\u00edodh Gaelscoil na D\u00faglaise\u00a0i M\u00e9an f\u00f3mhair 1985 de bharr feachtais a chuir scata tuismitheoir\u00ed agus daoine eile gur sp\u00e9is leo an Ghaeilge agus an Ghaelscola\u00edocht, i gcr\u00edch. Ainmn\u00edodh an scoil ar dt\u00fas\u00a0in on\u00f3ir an Athar Tadhg \u00d3 Murch\u00fa. Sagart na Gaeilge mar a b\u2019fhearr aithne air i gCathair Chorca\u00ed. Ar feadh tr\u00e9imhse fada bh\u00ed s\u00e9 [&hellip;]","og_url":"https:\/\/gaelscoilnaduglaise.ie\/ga\/eolas\/","og_site_name":"GND","article_modified_time":"2023-09-25T12:02:51+00:00","og_image":[{"url":"https:\/\/gaelscoilnaduglaise.ie\/wp-content\/uploads\/2023\/09\/StairnaScoile1-442x600.jpg","type":"","width":"","height":""}],"twitter_card":"summary_large_image","twitter_misc":{"Est. reading time":"2 minutes"},"schema":{"@context":"https:\/\/schema.org","@graph":[{"@type":"WebPage","@id":"https:\/\/gaelscoilnaduglaise.ie\/ga\/eolas\/","url":"https:\/\/gaelscoilnaduglaise.ie\/ga\/eolas\/","name":"Stair na Scoile - GND","isPartOf":{"@id":"https:\/\/gaelscoilnaduglaise.ie\/#website"},"primaryImageOfPage":{"@id":"https:\/\/gaelscoilnaduglaise.ie\/ga\/eolas\/#primaryimage"},"image":{"@id":"https:\/\/gaelscoilnaduglaise.ie\/ga\/eolas\/#primaryimage"},"thumbnailUrl":"https:\/\/gaelscoilnaduglaise.ie\/wp-content\/uploads\/2023\/09\/StairnaScoile1-442x600.jpg","datePublished":"2022-11-20T15:33:16+00:00","dateModified":"2023-09-25T12:02:51+00:00","breadcrumb":{"@id":"https:\/\/gaelscoilnaduglaise.ie\/ga\/eolas\/#breadcrumb"},"inLanguage":"ga-IE","potentialAction":[{"@type":"ReadAction","target":["https:\/\/gaelscoilnaduglaise.ie\/ga\/eolas\/"]}]},{"@type":"ImageObject","inLanguage":"ga-IE","@id":"https:\/\/gaelscoilnaduglaise.ie\/ga\/eolas\/#primaryimage","url":"https:\/\/gaelscoilnaduglaise.ie\/wp-content\/uploads\/2023\/09\/StairnaScoile1-442x600.jpg","contentUrl":"https:\/\/gaelscoilnaduglaise.ie\/wp-content\/uploads\/2023\/09\/StairnaScoile1-442x600.jpg"},{"@type":"BreadcrumbList","@id":"https:\/\/gaelscoilnaduglaise.ie\/ga\/eolas\/#breadcrumb","itemListElement":[{"@type":"ListItem","position":1,"name":"Home","item":"https:\/\/gaelscoilnaduglaise.ie\/ga\/leathanach-baile\/"},{"@type":"ListItem","position":2,"name":"Stair na Scoile"}]},{"@type":"WebSite","@id":"https:\/\/gaelscoilnaduglaise.ie\/#website","url":"https:\/\/gaelscoilnaduglaise.ie\/","name":"Gaelscoil na Duglaise","description":"Gaelscoil Na Duglaise","publisher":{"@id":"https:\/\/gaelscoilnaduglaise.ie\/#organization"},"potentialAction":[{"@type":"SearchAction","target":{"@type":"EntryPoint","urlTemplate":"https:\/\/gaelscoilnaduglaise.ie\/?s={search_term_string}"},"query-input":{"@type":"PropertyValueSpecification","valueRequired":true,"valueName":"search_term_string"}}],"inLanguage":"ga-IE"},{"@type":"Organization","@id":"https:\/\/gaelscoilnaduglaise.ie\/#organization","name":"Gaelscoil na Duglaise","url":"https:\/\/gaelscoilnaduglaise.ie\/","logo":{"@type":"ImageObject","inLanguage":"ga-IE","@id":"https:\/\/gaelscoilnaduglaise.ie\/#\/schema\/logo\/image\/","url":"https:\/\/gaelscoilnaduglaise.ie\/wp-content\/uploads\/2023\/09\/GND-Logo-Dark-1.png","contentUrl":"https:\/\/gaelscoilnaduglaise.ie\/wp-content\/uploads\/2023\/09\/GND-Logo-Dark-1.png","width":400,"height":100,"caption":"Gaelscoil na Duglaise"},"image":{"@id":"https:\/\/gaelscoilnaduglaise.ie\/#\/schema\/logo\/image\/"}}]}},"_links":{"self":[{"href":"https:\/\/gaelscoilnaduglaise.ie\/ga\/wp-json\/wp\/v2\/pages\/414","targetHints":{"allow":["GET"]}}],"collection":[{"href":"https:\/\/gaelscoilnaduglaise.ie\/ga\/wp-json\/wp\/v2\/pages"}],"about":[{"href":"https:\/\/gaelscoilnaduglaise.ie\/ga\/wp-json\/wp\/v2\/types\/page"}],"author":[{"embeddable":true,"href":"https:\/\/gaelscoilnaduglaise.ie\/ga\/wp-json\/wp\/v2\/users\/1"}],"replies":[{"embeddable":true,"href":"https:\/\/gaelscoilnaduglaise.ie\/ga\/wp-json\/wp\/v2\/comments?post=414"}],"version-history":[{"count":7,"href":"https:\/\/gaelscoilnaduglaise.ie\/ga\/wp-json\/wp\/v2\/pages\/414\/revisions"}],"predecessor-version":[{"id":1414,"href":"https:\/\/gaelscoilnaduglaise.ie\/ga\/wp-json\/wp\/v2\/pages\/414\/revisions\/1414"}],"wp:attachment":[{"href":"https:\/\/gaelscoilnaduglaise.ie\/ga\/wp-json\/wp\/v2\/media?parent=414"}],"curies":[{"name":"wp","href":"https:\/\/api.w.org\/{rel}","templated":true}]}}