{"id":749,"date":"2022-11-07T10:08:54","date_gmt":"2022-11-07T10:08:54","guid":{"rendered":"https:\/\/gaelscoilnaduglaise.ie\/iontralacha\/"},"modified":"2025-09-29T23:23:18","modified_gmt":"2025-09-29T22:23:18","slug":"iontralacha","status":"publish","type":"page","link":"https:\/\/gaelscoilnaduglaise.ie\/ga\/iontralacha\/","title":{"rendered":"Iontr\u00e1lacha"},"content":{"rendered":"<p>[et_pb_section fb_built=&#8221;1&#8243; _builder_version=&#8221;4.19.1&#8243; _module_preset=&#8221;default&#8221; background_color=&#8221;rgba(0,0,0,0.4)&#8221; background_image=&#8221;https:\/\/gaelscoilnaduglaise.ie\/wp-content\/uploads\/2022\/11\/Admissions-Header-Image-1.jpg&#8221; background_blend=&#8221;overlay&#8221; height=&#8221;60vh&#8221; custom_padding=&#8221;15vh||||false|false&#8221; global_colors_info=&#8221;{}&#8221;][et_pb_row _builder_version=&#8221;4.18.0&#8243; _module_preset=&#8221;default&#8221; global_colors_info=&#8221;{}&#8221;][et_pb_column type=&#8221;4_4&#8243; _builder_version=&#8221;4.18.0&#8243; _module_preset=&#8221;default&#8221; global_colors_info=&#8221;{}&#8221;][et_pb_text _builder_version=&#8221;4.18.0&#8243; _module_preset=&#8221;default&#8221; header_font_size=&#8221;6vw&#8221; header_font_size_tablet=&#8221;9vw&#8221; header_font_size_phone=&#8221;12vw&#8221; header_font_size_last_edited=&#8221;on|desktop&#8221; global_colors_info=&#8221;{}&#8221;]<\/p>\n<h1>Iontr\u00e1lacha<\/h1>\n<p>[\/et_pb_text][\/et_pb_column][\/et_pb_row][\/et_pb_section][et_pb_section fb_built=&#8221;1&#8243; _builder_version=&#8221;4.18.0&#8243; _module_preset=&#8221;default&#8221; custom_padding=&#8221;||98px|||&#8221; global_colors_info=&#8221;{}&#8221;][et_pb_row _builder_version=&#8221;4.19.1&#8243; _module_preset=&#8221;default&#8221; width_tablet=&#8221;&#8221; width_phone=&#8221;&#8221; width_last_edited=&#8221;on|phone&#8221; global_colors_info=&#8221;{}&#8221;][et_pb_column type=&#8221;4_4&#8243; _builder_version=&#8221;4.18.0&#8243; _module_preset=&#8221;default&#8221; global_colors_info=&#8221;{}&#8221;][et_pb_text _builder_version=&#8221;4.19.1&#8243; _module_preset=&#8221;default&#8221; header_2_font_size=&#8221;2vw&#8221; header_2_text_align_tablet=&#8221;&#8221; header_2_text_align_phone=&#8221;center&#8221; header_2_text_align_last_edited=&#8221;on|phone&#8221; header_2_font_size_tablet=&#8221;4vw&#8221; header_2_font_size_phone=&#8221;8vw&#8221; header_2_font_size_last_edited=&#8221;on|phone&#8221; global_colors_info=&#8221;{}&#8221;]<\/p>\n<h2>Ligean isteach i scoilbhliain 2026\/2027<\/h2>\n<p><strong>D\u00e1ta\u00ed Iarratais &amp; Cinnidh i gcomhair ligean isteach in 2026\/2027<\/strong><\/p>\n<p><strong>Is iad seo a leanas na d\u00e1ta\u00ed is infheidhme maidir le ligean isteach sna Na\u00edon\u00e1in Bheaga: <\/strong><\/p>\n<table width=\"667\">\n<tbody>\n<tr>\n<td width=\"554\">\n<p>Tos\u00f3idh an scoil ag glacadh le hiarratais i gcomhair ligean isteach ar\u00a0 <strong>\u00a0<\/strong><\/p>\n<\/td>\n<td width=\"113\">\n<p><strong>01\/10\/2025<\/strong><\/p>\n<\/td>\n<\/tr>\n<tr>\n<td width=\"554\">\n<p>Stopfaidh an scoil ag glacadh le hiarratais i gcomhair ligean isteach ar\u00a0 <strong>\u00a0<\/strong><\/p>\n<\/td>\n<td width=\"113\">\n<p><strong>21\/10\/2025<\/strong><\/p>\n<\/td>\n<\/tr>\n<tr>\n<td width=\"554\">\n<p>Is \u00e9 an d\u00e1ta faoina gcuirfear an cinneadh maidir lena n-iarratas in i\u00fal d\u2019iarratas\u00f3ir\u00ed n\u00e1\u00a0\u00a0\u00a0\u00a0 <strong>\u00a0<\/strong><\/p>\n<\/td>\n<td width=\"113\">\n<p><strong>11\/11\/2025<\/strong><\/p>\n<\/td>\n<\/tr>\n<tr>\n<td width=\"554\">\n<p>Is \u00ed an tr\u00e9imhse nach m\u00f3r d\u2019iarratas\u00f3ir\u00ed a dheimhni\u00fa go bhfuil siad ag glacadh le tairiscint ar ligean isteach laistigh di n\u00e1<\/p>\n<\/td>\n<td width=\"113\">\n<p><strong>18\/11\/2025<\/strong><\/p>\n<p>&nbsp;<\/p>\n<\/td>\n<\/tr>\n<\/tbody>\n<\/table>\n<p><strong>\u00a0<\/strong><\/p>\n<p><strong>N\u00f3ta:<br \/><\/strong><strong>Measfaidh an scoil iarratais dh\u00e9anacha agus eiseoidh cinnt\u00ed orthu de r\u00e9ir polasa\u00ed iontr\u00e1la na scoile. Mura nglactar le tairiscint taobh istigh den am ata leagtha s\u00edos thuas d\u2019fh\u00e9adfa\u00ed an tairiscint a tharraingt siar.<\/strong><\/p>\n<p><strong>\u00a0<\/strong><\/p>\n<h2>Ligean isteach i scoilbhliain 2026\/2027<\/h2>\n<p><strong>D\u00e1ta\u00ed Iarratais &amp; Cinnidh i gcomhair ligean isteach sa Rang Speisialta do ph\u00e1ist\u00ed le ASD\u00a0 in 2026\/2027<\/strong><\/p>\n<p><strong>Is iad seo a leanas na d\u00e1ta\u00ed is infheidhme maidir le ligean isteach sna Na\u00edon\u00e1in Bheaga: <\/strong><\/p>\n<table width=\"667\">\n<tbody>\n<tr>\n<td width=\"554\">\n<p>Tos\u00f3idh an scoil ag glacadh le hiarratais i gcomhair ligean isteach ar\u00a0 <strong>\u00a0<\/strong><\/p>\n<\/td>\n<td width=\"113\">\n<p><strong>01\/10\/2025<\/strong><\/p>\n<\/td>\n<\/tr>\n<tr>\n<td width=\"554\">\n<p>Stopfaidh an scoil ag glacadh le hiarratais i gcomhair ligean isteach ar\u00a0 <strong>\u00a0<\/strong><\/p>\n<\/td>\n<td width=\"113\">\n<p><strong>21\/10\/2025<\/strong><\/p>\n<\/td>\n<\/tr>\n<tr>\n<td width=\"554\">\n<p>Is \u00e9 an d\u00e1ta faoina gcuirfear an cinneadh maidir lena n-iarratas in i\u00fal d\u2019iarratas\u00f3ir\u00ed n\u00e1\u00a0\u00a0\u00a0\u00a0 <strong>\u00a0<\/strong><\/p>\n<\/td>\n<td width=\"113\">\n<p><strong>11\/11\/2025<\/strong><\/p>\n<\/td>\n<\/tr>\n<tr>\n<td width=\"554\">\n<p>Is \u00ed an tr\u00e9imhse nach m\u00f3r d\u2019iarratas\u00f3ir\u00ed a dheimhni\u00fa go bhfuil siad ag glacadh le tairiscint ar ligean isteach laistigh di n\u00e1<\/p>\n<\/td>\n<td width=\"113\">\n<p><strong>18\/11\/2025<\/strong><\/p>\n<p>&nbsp;<\/p>\n<\/td>\n<\/tr>\n<\/tbody>\n<\/table>\n<p><strong>\u00a0<\/strong><\/p>\n<p><strong>N\u00f3ta:<br \/><\/strong><strong>Measfaidh an scoil iarratais dh\u00e9anacha agus eiseoidh cinnt\u00ed orthu de r\u00e9ir polasa\u00ed iontr\u00e1la na scoile. Mura nglactar le tairiscint taobh istigh den am ata leagtha s\u00edos thuas d\u2019fh\u00e9adfa\u00ed an tairiscint a tharraingt siar.\u00a0<\/strong><\/p>\n<p>[\/et_pb_text][\/et_pb_column][\/et_pb_row][et_pb_row column_structure=&#8221;1_3,1_3,1_3&#8243; _builder_version=&#8221;4.19.1&#8243; _module_preset=&#8221;default&#8221; custom_margin=&#8221;60px|auto|60px|auto|true|false&#8221; global_colors_info=&#8221;{}&#8221;][et_pb_column type=&#8221;1_3&#8243; _builder_version=&#8221;4.18.0&#8243; _module_preset=&#8221;default&#8221; global_colors_info=&#8221;{}&#8221;][et_pb_button button_url=&#8221;\/ga\/feidhmchlar-gaeilge\/&#8221; button_text=&#8221;D\u00e9an Iarratas Ar L\u00edne (Gaelige)&#8221; button_alignment=&#8221;center&#8221; _builder_version=&#8221;4.19.1&#8243; _module_preset=&#8221;default&#8221; custom_button=&#8221;on&#8221; button_text_color=&#8221;#FFFFFF&#8221; button_bg_color=&#8221;rgba(0,0,145,0.61)&#8221; button_bg_image=&#8221;https:\/\/gaelscoilnaduglaise.ie\/wp-content\/uploads\/2022\/11\/GNA-Apply-Button-Image-01.jpg&#8221; button_bg_blend=&#8221;overlay&#8221; button_use_icon=&#8221;off&#8221; custom_padding=&#8221;100px||100px||true|false&#8221; custom_css_main_element=&#8221;width:100%;&#8221; global_colors_info=&#8221;{}&#8221;][\/et_pb_button][\/et_pb_column][et_pb_column type=&#8221;1_3&#8243; _builder_version=&#8221;4.18.0&#8243; _module_preset=&#8221;default&#8221; global_colors_info=&#8221;{}&#8221;][et_pb_button button_url=&#8221;https:\/\/gaelscoilnaduglaise.ie\/ga\/feidhmchlar-gaeilge\/&#8221; button_text=&#8221;D\u00e9an Iarratas Ar L\u00edne (B\u00e9arla)&#8221; button_alignment=&#8221;center&#8221; _builder_version=&#8221;4.19.1&#8243; _module_preset=&#8221;default&#8221; custom_button=&#8221;on&#8221; button_text_color=&#8221;#FFFFFF&#8221; button_bg_color=&#8221;rgba(0,0,145,0.61)&#8221; button_bg_image=&#8221;https:\/\/gaelscoilnaduglaise.ie\/wp-content\/uploads\/2022\/11\/GNA-Apply-Button-Image-02.jpg&#8221; button_bg_blend=&#8221;overlay&#8221; button_use_icon=&#8221;off&#8221; custom_padding=&#8221;100px||100px||true|false&#8221; custom_css_main_element=&#8221;width:100%;&#8221; global_colors_info=&#8221;{}&#8221;][\/et_pb_button][\/et_pb_column][et_pb_column type=&#8221;1_3&#8243; _builder_version=&#8221;4.18.0&#8243; _module_preset=&#8221;default&#8221; global_colors_info=&#8221;{}&#8221;][et_pb_button button_url=&#8221;https:\/\/gaelscoilnaduglaise.ie\/wp-content\/uploads\/2023\/10\/Copy-of-Foirm-Iontrala-Gaelscoil-na-Duglaise.pdf&#8221; button_text=&#8221;\u00cdosluchtaigh iarratas&#8221; button_alignment=&#8221;center&#8221; _builder_version=&#8221;4.22.2&#8243; _module_preset=&#8221;default&#8221; custom_button=&#8221;on&#8221; button_text_color=&#8221;#FFFFFF&#8221; button_bg_color=&#8221;rgba(0,0,145,0.61)&#8221; button_bg_image=&#8221;https:\/\/gaelscoilnaduglaise.ie\/wp-content\/uploads\/2022\/11\/GND-Homepage-Image-3-200&#215;200.jpg&#8221; button_bg_blend=&#8221;overlay&#8221; button_use_icon=&#8221;off&#8221; custom_padding=&#8221;100px||100px||true|false&#8221; custom_css_main_element=&#8221;width:100%;&#8221; global_colors_info=&#8221;{}&#8221;][\/et_pb_button][\/et_pb_column][\/et_pb_row][et_pb_row _builder_version=&#8221;4.19.1&#8243; _module_preset=&#8221;default&#8221; global_colors_info=&#8221;{}&#8221;][et_pb_column type=&#8221;4_4&#8243; _builder_version=&#8221;4.19.1&#8243; _module_preset=&#8221;default&#8221; global_colors_info=&#8221;{}&#8221;][de_fb_form title=&#8221;Admissions Inquiries &#038; Submission&#8221; submit_button_text=&#8221;Cuir isteach&#8221; use_custom_email=&#8221;off&#8221; custom_contact_email=&#8221;oifig@gaelscoilnaduglaise.ie&#8221; from_name=&#8221;custom&#8221; custom_from_name=&#8221;GND Website Admissions Page&#8221; from_email=&#8221;custom&#8221; custom_from_email=&#8221;no-reply@gaelscoilnaduglaise.ie&#8221; replyto_email=&#8221;oifig@gaelscoilnaduglaise.ie&#8221; save_to_database=&#8221;on&#8221; google_recaptcha=&#8221;on&#8221; recaptcha_sitekey_type=&#8221;recaptcha_3&#8243; recaptcha_sitekey_v3=&#8221;6Lew8lQoAAAAAGjQk88-Ja3wAe3QxYEryVtGosaB&#8221; recaptcha_seckey_v3=&#8221;6Lew8lQoAAAAADqYxPfyOHXn2hBcpzKumoDGh-57&#8243; use_honeypot_captcha=&#8221;off&#8221; _builder_version=&#8221;4.19.1&#8243; _module_preset=&#8221;default&#8221; global_colors_info=&#8221;{}&#8221;][de_fb_form_field field_title=&#8221;Ainm&#8221; field_id=&#8221;name&#8221; required_mark=&#8221;on&#8221; _builder_version=&#8221;4.19.1&#8243; _module_preset=&#8221;default&#8221; global_colors_info=&#8221;{}&#8221; form_step=&#8221;0&#8243; current_step=&#8221;0&#8243;][\/de_fb_form_field][de_fb_form_field field_title=&#8221;Seoladh r\u00edomhphoist&#8221; field_id=&#8221;email&#8221; field_type=&#8221;email&#8221; required_mark=&#8221;on&#8221; _builder_version=&#8221;4.19.1&#8243; _module_preset=&#8221;default&#8221; global_colors_info=&#8221;{}&#8221; form_step=&#8221;0&#8243; current_step=&#8221;0&#8243;][\/de_fb_form_field][de_fb_form_field field_title=&#8221;Teachtaireacht&#8221; field_id=&#8221;message&#8221; field_type=&#8221;text&#8221; _builder_version=&#8221;4.19.1&#8243; _module_preset=&#8221;default&#8221; global_colors_info=&#8221;{}&#8221; form_step=&#8221;0&#8243; current_step=&#8221;0&#8243;][\/de_fb_form_field][de_fb_form_field field_title=&#8221;Uasl\u00f3d\u00e1il Foirm Iontr\u00e1la (PDF amh\u00e1in)&#8221; field_id=&#8221;upload-form&#8221; field_type=&#8221;file&#8221; max_upload_file_counts=&#8221;1&#8243; accepted_file_types_file=&#8221;pdf&#8221; upload_description=&#8221;Buail d\u2019iarratas anseo, n\u00f3 clice\u00e1il chun comhad a roghn\u00fa.&#8221; _builder_version=&#8221;4.19.1&#8243; _module_preset=&#8221;default&#8221; global_colors_info=&#8221;{}&#8221; form_step=&#8221;0&#8243; current_step=&#8221;0&#8243;][\/de_fb_form_field][\/de_fb_form][\/et_pb_column][\/et_pb_row][et_pb_row column_structure=&#8221;3_5,2_5&#8243; make_equal=&#8221;on&#8221; _builder_version=&#8221;4.19.1&#8243; _module_preset=&#8221;default&#8221; background_image=&#8221;https:\/\/gaelscoilnaduglaise.ie\/wp-content\/uploads\/2022\/11\/Temp-Image-1.jpeg&#8221; background_size=&#8221;contain&#8221; background_position=&#8221;center_right&#8221; custom_margin=&#8221;120px|auto|120px|auto|true|false&#8221; custom_margin_tablet=&#8221;120px|auto|120px|auto|true|false&#8221; custom_margin_phone=&#8221;auto||auto||true|false&#8221; custom_margin_last_edited=&#8221;on|phone&#8221; custom_padding=&#8221;60px||60px||true|&#8221; custom_css_main_element=&#8221;align-items:center;&#8221; global_colors_info=&#8221;{}&#8221;][et_pb_column type=&#8221;3_5&#8243; _builder_version=&#8221;4.18.0&#8243; _module_preset=&#8221;default&#8221; global_colors_info=&#8221;{}&#8221;][et_pb_text _builder_version=&#8221;4.19.1&#8243; _module_preset=&#8221;default&#8221; text_text_color=&#8221;#FFFFFF&#8221; text_font_size=&#8221;18px&#8221; text_line_height=&#8221;1.4em&#8221; header_4_font=&#8221;Poppins|300|on||||||&#8221; header_4_text_color=&#8221;#FFFFFF&#8221; header_4_font_size=&#8221;1.5vw&#8221; header_4_line_height=&#8221;1.5em&#8221; background_color=&#8221;#003482&#8243; z_index=&#8221;99&#8243; text_orientation=&#8221;right&#8221; width_tablet=&#8221;60%&#8221; width_phone=&#8221;80%&#8221; width_last_edited=&#8221;on|tablet&#8221; custom_margin=&#8221;||||false|false&#8221; custom_margin_tablet=&#8221;|||-20px|false|false&#8221; custom_margin_phone=&#8221;||50px||false|false&#8221; custom_margin_last_edited=&#8221;on|phone&#8221; custom_padding=&#8221;50px|20px|50px|20px|true|true&#8221; text_font_size_tablet=&#8221;16px&#8221; text_font_size_phone=&#8221;14px&#8221; text_font_size_last_edited=&#8221;on|phone&#8221; header_4_font_size_tablet=&#8221;2.5vw&#8221; header_4_font_size_phone=&#8221;2.5vw&#8221; header_4_font_size_last_edited=&#8221;on|desktop&#8221; global_colors_info=&#8221;{}&#8221;]<\/p>\n<h4>Nuair a bhreathna\u00edonn t\u00fa ar leanbh is l\u00e9ir go dtagann forbairt a aigne tr\u00edna gcuid gluaiseachta\u00ed.<\/h4>\n<p>~ Maria Montessori<\/p>\n<p>[\/et_pb_text][\/et_pb_column][et_pb_column type=&#8221;2_5&#8243; _builder_version=&#8221;4.18.0&#8243; _module_preset=&#8221;default&#8221; global_colors_info=&#8221;{}&#8221;][\/et_pb_column][\/et_pb_row][\/et_pb_section]<\/p>\n","protected":false},"excerpt":{"rendered":"<p>Iontr\u00e1lachaLigean isteach i scoilbhliain 2026\/2027 D\u00e1ta\u00ed Iarratais &amp; Cinnidh i gcomhair ligean isteach in 2026\/2027 Is iad seo a leanas na d\u00e1ta\u00ed is infheidhme maidir le ligean isteach sna Na\u00edon\u00e1in Bheaga: Tos\u00f3idh an scoil ag glacadh le hiarratais i gcomhair ligean isteach ar\u00a0 \u00a0 01\/10\/2025 Stopfaidh an scoil ag glacadh le hiarratais i gcomhair ligean [&hellip;]<\/p>\n","protected":false},"author":1,"featured_media":0,"parent":0,"menu_order":0,"comment_status":"closed","ping_status":"closed","template":"","meta":{"_et_pb_use_builder":"on","_et_pb_old_content":"","_et_gb_content_width":"","ngg_post_thumbnail":0,"footnotes":""},"class_list":["post-749","page","type-page","status-publish","hentry"],"yoast_head":"<!-- This site is optimized with the Yoast SEO plugin v24.0 - https:\/\/yoast.com\/wordpress\/plugins\/seo\/ -->\n<title>Iontr\u00e1lacha - GND<\/title>\n<meta name=\"robots\" content=\"index, follow, max-snippet:-1, max-image-preview:large, max-video-preview:-1\" \/>\n<link rel=\"canonical\" href=\"https:\/\/gaelscoilnaduglaise.ie\/admissions\/\" \/>\n<meta property=\"og:locale\" content=\"ga_IE\" \/>\n<meta property=\"og:type\" content=\"article\" \/>\n<meta property=\"og:title\" content=\"Iontr\u00e1lacha - GND\" \/>\n<meta property=\"og:description\" content=\"Iontr\u00e1lachaLigean isteach i scoilbhliain 2026\/2027 D\u00e1ta\u00ed Iarratais &amp; Cinnidh i gcomhair ligean isteach in 2026\/2027 Is iad seo a leanas na d\u00e1ta\u00ed is infheidhme maidir le ligean isteach sna Na\u00edon\u00e1in Bheaga: Tos\u00f3idh an scoil ag glacadh le hiarratais i gcomhair ligean isteach ar\u00a0 \u00a0 01\/10\/2025 Stopfaidh an scoil ag glacadh le hiarratais i gcomhair ligean [&hellip;]\" \/>\n<meta property=\"og:url\" content=\"https:\/\/gaelscoilnaduglaise.ie\/admissions\/\" \/>\n<meta property=\"og:site_name\" content=\"GND\" \/>\n<meta property=\"article:modified_time\" content=\"2025-09-29T22:23:18+00:00\" \/>\n<meta name=\"twitter:card\" content=\"summary_large_image\" \/>\n<meta name=\"twitter:label1\" content=\"Est. reading time\" \/>\n\t<meta name=\"twitter:data1\" content=\"3 minutes\" \/>\n<script type=\"application\/ld+json\" class=\"yoast-schema-graph\">{\"@context\":\"https:\/\/schema.org\",\"@graph\":[{\"@type\":\"WebPage\",\"@id\":\"https:\/\/gaelscoilnaduglaise.ie\/admissions\/\",\"url\":\"https:\/\/gaelscoilnaduglaise.ie\/admissions\/\",\"name\":\"Iontr\u00e1lacha - GND\",\"isPartOf\":{\"@id\":\"https:\/\/gaelscoilnaduglaise.ie\/#website\"},\"datePublished\":\"2022-11-07T10:08:54+00:00\",\"dateModified\":\"2025-09-29T22:23:18+00:00\",\"breadcrumb\":{\"@id\":\"https:\/\/gaelscoilnaduglaise.ie\/admissions\/#breadcrumb\"},\"inLanguage\":\"ga-IE\",\"potentialAction\":[{\"@type\":\"ReadAction\",\"target\":[\"https:\/\/gaelscoilnaduglaise.ie\/admissions\/\"]}]},{\"@type\":\"BreadcrumbList\",\"@id\":\"https:\/\/gaelscoilnaduglaise.ie\/admissions\/#breadcrumb\",\"itemListElement\":[{\"@type\":\"ListItem\",\"position\":1,\"name\":\"Home\",\"item\":\"https:\/\/gaelscoilnaduglaise.ie\/ga\/leathanach-baile\/\"},{\"@type\":\"ListItem\",\"position\":2,\"name\":\"Iontr\u00e1lacha\"}]},{\"@type\":\"WebSite\",\"@id\":\"https:\/\/gaelscoilnaduglaise.ie\/#website\",\"url\":\"https:\/\/gaelscoilnaduglaise.ie\/\",\"name\":\"Gaelscoil na Duglaise\",\"description\":\"Gaelscoil Na Duglaise\",\"publisher\":{\"@id\":\"https:\/\/gaelscoilnaduglaise.ie\/#organization\"},\"potentialAction\":[{\"@type\":\"SearchAction\",\"target\":{\"@type\":\"EntryPoint\",\"urlTemplate\":\"https:\/\/gaelscoilnaduglaise.ie\/?s={search_term_string}\"},\"query-input\":{\"@type\":\"PropertyValueSpecification\",\"valueRequired\":true,\"valueName\":\"search_term_string\"}}],\"inLanguage\":\"ga-IE\"},{\"@type\":\"Organization\",\"@id\":\"https:\/\/gaelscoilnaduglaise.ie\/#organization\",\"name\":\"Gaelscoil na Duglaise\",\"url\":\"https:\/\/gaelscoilnaduglaise.ie\/\",\"logo\":{\"@type\":\"ImageObject\",\"inLanguage\":\"ga-IE\",\"@id\":\"https:\/\/gaelscoilnaduglaise.ie\/#\/schema\/logo\/image\/\",\"url\":\"https:\/\/gaelscoilnaduglaise.ie\/wp-content\/uploads\/2023\/09\/GND-Logo-Dark-1.png\",\"contentUrl\":\"https:\/\/gaelscoilnaduglaise.ie\/wp-content\/uploads\/2023\/09\/GND-Logo-Dark-1.png\",\"width\":400,\"height\":100,\"caption\":\"Gaelscoil na Duglaise\"},\"image\":{\"@id\":\"https:\/\/gaelscoilnaduglaise.ie\/#\/schema\/logo\/image\/\"}}]}<\/script>\n<!-- \/ Yoast SEO plugin. -->","yoast_head_json":{"title":"Iontr\u00e1lacha - GND","robots":{"index":"index","follow":"follow","max-snippet":"max-snippet:-1","max-image-preview":"max-image-preview:large","max-video-preview":"max-video-preview:-1"},"canonical":"https:\/\/gaelscoilnaduglaise.ie\/admissions\/","og_locale":"ga_IE","og_type":"article","og_title":"Iontr\u00e1lacha - GND","og_description":"Iontr\u00e1lachaLigean isteach i scoilbhliain 2026\/2027 D\u00e1ta\u00ed Iarratais &amp; Cinnidh i gcomhair ligean isteach in 2026\/2027 Is iad seo a leanas na d\u00e1ta\u00ed is infheidhme maidir le ligean isteach sna Na\u00edon\u00e1in Bheaga: Tos\u00f3idh an scoil ag glacadh le hiarratais i gcomhair ligean isteach ar\u00a0 \u00a0 01\/10\/2025 Stopfaidh an scoil ag glacadh le hiarratais i gcomhair ligean [&hellip;]","og_url":"https:\/\/gaelscoilnaduglaise.ie\/admissions\/","og_site_name":"GND","article_modified_time":"2025-09-29T22:23:18+00:00","twitter_card":"summary_large_image","twitter_misc":{"Est. reading time":"3 minutes"},"schema":{"@context":"https:\/\/schema.org","@graph":[{"@type":"WebPage","@id":"https:\/\/gaelscoilnaduglaise.ie\/admissions\/","url":"https:\/\/gaelscoilnaduglaise.ie\/admissions\/","name":"Iontr\u00e1lacha - GND","isPartOf":{"@id":"https:\/\/gaelscoilnaduglaise.ie\/#website"},"datePublished":"2022-11-07T10:08:54+00:00","dateModified":"2025-09-29T22:23:18+00:00","breadcrumb":{"@id":"https:\/\/gaelscoilnaduglaise.ie\/admissions\/#breadcrumb"},"inLanguage":"ga-IE","potentialAction":[{"@type":"ReadAction","target":["https:\/\/gaelscoilnaduglaise.ie\/admissions\/"]}]},{"@type":"BreadcrumbList","@id":"https:\/\/gaelscoilnaduglaise.ie\/admissions\/#breadcrumb","itemListElement":[{"@type":"ListItem","position":1,"name":"Home","item":"https:\/\/gaelscoilnaduglaise.ie\/ga\/leathanach-baile\/"},{"@type":"ListItem","position":2,"name":"Iontr\u00e1lacha"}]},{"@type":"WebSite","@id":"https:\/\/gaelscoilnaduglaise.ie\/#website","url":"https:\/\/gaelscoilnaduglaise.ie\/","name":"Gaelscoil na Duglaise","description":"Gaelscoil Na Duglaise","publisher":{"@id":"https:\/\/gaelscoilnaduglaise.ie\/#organization"},"potentialAction":[{"@type":"SearchAction","target":{"@type":"EntryPoint","urlTemplate":"https:\/\/gaelscoilnaduglaise.ie\/?s={search_term_string}"},"query-input":{"@type":"PropertyValueSpecification","valueRequired":true,"valueName":"search_term_string"}}],"inLanguage":"ga-IE"},{"@type":"Organization","@id":"https:\/\/gaelscoilnaduglaise.ie\/#organization","name":"Gaelscoil na Duglaise","url":"https:\/\/gaelscoilnaduglaise.ie\/","logo":{"@type":"ImageObject","inLanguage":"ga-IE","@id":"https:\/\/gaelscoilnaduglaise.ie\/#\/schema\/logo\/image\/","url":"https:\/\/gaelscoilnaduglaise.ie\/wp-content\/uploads\/2023\/09\/GND-Logo-Dark-1.png","contentUrl":"https:\/\/gaelscoilnaduglaise.ie\/wp-content\/uploads\/2023\/09\/GND-Logo-Dark-1.png","width":400,"height":100,"caption":"Gaelscoil na Duglaise"},"image":{"@id":"https:\/\/gaelscoilnaduglaise.ie\/#\/schema\/logo\/image\/"}}]}},"_links":{"self":[{"href":"https:\/\/gaelscoilnaduglaise.ie\/ga\/wp-json\/wp\/v2\/pages\/749","targetHints":{"allow":["GET"]}}],"collection":[{"href":"https:\/\/gaelscoilnaduglaise.ie\/ga\/wp-json\/wp\/v2\/pages"}],"about":[{"href":"https:\/\/gaelscoilnaduglaise.ie\/ga\/wp-json\/wp\/v2\/types\/page"}],"author":[{"embeddable":true,"href":"https:\/\/gaelscoilnaduglaise.ie\/ga\/wp-json\/wp\/v2\/users\/1"}],"replies":[{"embeddable":true,"href":"https:\/\/gaelscoilnaduglaise.ie\/ga\/wp-json\/wp\/v2\/comments?post=749"}],"version-history":[{"count":41,"href":"https:\/\/gaelscoilnaduglaise.ie\/ga\/wp-json\/wp\/v2\/pages\/749\/revisions"}],"predecessor-version":[{"id":2451,"href":"https:\/\/gaelscoilnaduglaise.ie\/ga\/wp-json\/wp\/v2\/pages\/749\/revisions\/2451"}],"wp:attachment":[{"href":"https:\/\/gaelscoilnaduglaise.ie\/ga\/wp-json\/wp\/v2\/media?parent=749"}],"curies":[{"name":"wp","href":"https:\/\/api.w.org\/{rel}","templated":true}]}}