{"id":917,"date":"2023-01-06T09:41:41","date_gmt":"2023-01-06T09:41:41","guid":{"rendered":"https:\/\/gaelscoilnaduglaise.ie\/gniomhaiochtai\/club-obair-bhaile\/"},"modified":"2023-09-25T14:30:19","modified_gmt":"2023-09-25T13:30:19","slug":"club-obair-bhaile","status":"publish","type":"page","link":"https:\/\/gaelscoilnaduglaise.ie\/ga\/gniomhaiochtai\/club-obair-bhaile\/","title":{"rendered":"Club Obair Bhaile"},"content":{"rendered":"<p>[et_pb_section fb_built=&#8221;1&#8243; module_class=&#8221;df-area df-post&#8221; _builder_version=&#8221;4.19.1&#8243; _module_preset=&#8221;default&#8221; min_height=&#8221;70vh&#8221; custom_padding=&#8221;150px||100px|||&#8221; global_colors_info=&#8221;{}&#8221;][et_pb_row _builder_version=&#8221;4.19.0&#8243; _module_preset=&#8221;default&#8221; global_colors_info=&#8221;{}&#8221;][et_pb_column type=&#8221;4_4&#8243; _builder_version=&#8221;4.19.0&#8243; _module_preset=&#8221;default&#8221; global_colors_info=&#8221;{}&#8221;][et_pb_text admin_label=&#8221;Page Title&#8221; _builder_version=&#8221;4.19.1&#8243; _dynamic_attributes=&#8221;content&#8221; _module_preset=&#8221;default&#8221; text_font_size=&#8221;18px&#8221; header_text_color=&#8221;gcid-c43fe573-562c-433a-8771-3a88f0278e57&#8243; text_orientation=&#8221;center&#8221; hover_enabled=&#8221;0&#8243; border_width_bottom=&#8221;1px&#8221; border_color_bottom=&#8221;gcid-2e13aacd-4029-4ec3-abc0-b9b8d8224ca4&#8243; global_colors_info=&#8221;{%22gcid-c43fe573-562c-433a-8771-3a88f0278e57%22:%91%22header_text_color%22%93,%22gcid-2e13aacd-4029-4ec3-abc0-b9b8d8224ca4%22:%91%22border_color_bottom%22%93}&#8221; sticky_enabled=&#8221;0&#8243;]@ET-DC@eyJkeW5hbWljIjp0cnVlLCJjb250ZW50IjoicG9zdF90aXRsZSIsInNldHRpbmdzIjp7ImJlZm9yZSI6IjxoMT4iLCJhZnRlciI6IjxcL2gxPiJ9fQ==@[\/et_pb_text][\/et_pb_column][\/et_pb_row][et_pb_row _builder_version=&#8221;4.19.0&#8243; _module_preset=&#8221;default&#8221; global_colors_info=&#8221;{}&#8221;][et_pb_column type=&#8221;4_4&#8243; _builder_version=&#8221;4.19.0&#8243; _module_preset=&#8221;default&#8221; global_colors_info=&#8221;{}&#8221;][et_pb_text _builder_version=&#8221;4.19.1&#8243; _module_preset=&#8221;default&#8221; text_font_size=&#8221;18px&#8221; header_text_color=&#8221;gcid-c43fe573-562c-433a-8771-3a88f0278e57&#8243; text_orientation=&#8221;center&#8221; hover_enabled=&#8221;0&#8243; global_colors_info=&#8221;{%22gcid-c43fe573-562c-433a-8771-3a88f0278e57%22:%91%22header_text_color%22%93}&#8221; sticky_enabled=&#8221;0&#8243;]<\/p>\n<p>T\u00e1 M\u00fainteoir Sarah agus M\u00fainteoir \u00c1ine i bhfeighil ar an gClub Obair Bhaile gach Luan go D\u00e9ardaoin.<\/p>\n<p>Is iontach an deis \u00ed seo do ph\u00e1ist\u00ed tabhairt faoin obair bhaile faoi sti\u00fair an mh\u00fainteoir \u00f3 2.30 \u2013 3.30 pm<\/p>\n<p>&nbsp;<\/p>\n<p>[\/et_pb_text][\/et_pb_column][\/et_pb_row][\/et_pb_section]<\/p>\n","protected":false},"excerpt":{"rendered":"<p>T\u00e1 M\u00fainteoir Sarah agus M\u00fainteoir \u00c1ine i bhfeighil ar an gClub Obair Bhaile gach Luan go D\u00e9ardaoin. Is iontach an deis \u00ed seo do ph\u00e1ist\u00ed tabhairt faoin obair bhaile faoi sti\u00fair an mh\u00fainteoir \u00f3 2.30 \u2013 3.30 pm &nbsp;<\/p>\n","protected":false},"author":1,"featured_media":0,"parent":408,"menu_order":0,"comment_status":"closed","ping_status":"closed","template":"","meta":{"_et_pb_use_builder":"on","_et_pb_old_content":"","_et_gb_content_width":"","ngg_post_thumbnail":0,"footnotes":""},"class_list":["post-917","page","type-page","status-publish","hentry"],"yoast_head":"<!-- This site is optimized with the Yoast SEO plugin v24.0 - https:\/\/yoast.com\/wordpress\/plugins\/seo\/ -->\n<title>Club Obair Bhaile - GND<\/title>\n<meta name=\"robots\" content=\"index, follow, max-snippet:-1, max-image-preview:large, max-video-preview:-1\" \/>\n<link rel=\"canonical\" href=\"https:\/\/gaelscoilnaduglaise.ie\/ga\/gniomhaiochtai\/club-obair-bhaile\/\" \/>\n<meta property=\"og:locale\" content=\"ga_IE\" \/>\n<meta property=\"og:type\" content=\"article\" \/>\n<meta property=\"og:title\" content=\"Club Obair Bhaile - GND\" \/>\n<meta property=\"og:description\" content=\"T\u00e1 M\u00fainteoir Sarah agus M\u00fainteoir \u00c1ine i bhfeighil ar an gClub Obair Bhaile gach Luan go D\u00e9ardaoin. Is iontach an deis \u00ed seo do ph\u00e1ist\u00ed tabhairt faoin obair bhaile faoi sti\u00fair an mh\u00fainteoir \u00f3 2.30 \u2013 3.30 pm &nbsp;\" \/>\n<meta property=\"og:url\" content=\"https:\/\/gaelscoilnaduglaise.ie\/ga\/gniomhaiochtai\/club-obair-bhaile\/\" \/>\n<meta property=\"og:site_name\" content=\"GND\" \/>\n<meta property=\"article:modified_time\" content=\"2023-09-25T13:30:19+00:00\" \/>\n<meta name=\"twitter:card\" content=\"summary_large_image\" \/>\n<meta name=\"twitter:label1\" content=\"Est. reading time\" \/>\n\t<meta name=\"twitter:data1\" content=\"1 minute\" \/>\n<script type=\"application\/ld+json\" class=\"yoast-schema-graph\">{\"@context\":\"https:\/\/schema.org\",\"@graph\":[{\"@type\":\"WebPage\",\"@id\":\"https:\/\/gaelscoilnaduglaise.ie\/ga\/gniomhaiochtai\/club-obair-bhaile\/\",\"url\":\"https:\/\/gaelscoilnaduglaise.ie\/ga\/gniomhaiochtai\/club-obair-bhaile\/\",\"name\":\"Club Obair Bhaile - GND\",\"isPartOf\":{\"@id\":\"https:\/\/gaelscoilnaduglaise.ie\/#website\"},\"datePublished\":\"2023-01-06T09:41:41+00:00\",\"dateModified\":\"2023-09-25T13:30:19+00:00\",\"breadcrumb\":{\"@id\":\"https:\/\/gaelscoilnaduglaise.ie\/ga\/gniomhaiochtai\/club-obair-bhaile\/#breadcrumb\"},\"inLanguage\":\"ga-IE\",\"potentialAction\":[{\"@type\":\"ReadAction\",\"target\":[\"https:\/\/gaelscoilnaduglaise.ie\/ga\/gniomhaiochtai\/club-obair-bhaile\/\"]}]},{\"@type\":\"BreadcrumbList\",\"@id\":\"https:\/\/gaelscoilnaduglaise.ie\/ga\/gniomhaiochtai\/club-obair-bhaile\/#breadcrumb\",\"itemListElement\":[{\"@type\":\"ListItem\",\"position\":1,\"name\":\"Home\",\"item\":\"https:\/\/gaelscoilnaduglaise.ie\/ga\/leathanach-baile\/\"},{\"@type\":\"ListItem\",\"position\":2,\"name\":\"Gn\u00edomha\u00edochta\u00ed Scoile\",\"item\":\"https:\/\/gaelscoilnaduglaise.ie\/ga\/gniomhaiochtai\/\"},{\"@type\":\"ListItem\",\"position\":3,\"name\":\"Club Obair Bhaile\"}]},{\"@type\":\"WebSite\",\"@id\":\"https:\/\/gaelscoilnaduglaise.ie\/#website\",\"url\":\"https:\/\/gaelscoilnaduglaise.ie\/\",\"name\":\"Gaelscoil na Duglaise\",\"description\":\"Gaelscoil Na Duglaise\",\"publisher\":{\"@id\":\"https:\/\/gaelscoilnaduglaise.ie\/#organization\"},\"potentialAction\":[{\"@type\":\"SearchAction\",\"target\":{\"@type\":\"EntryPoint\",\"urlTemplate\":\"https:\/\/gaelscoilnaduglaise.ie\/?s={search_term_string}\"},\"query-input\":{\"@type\":\"PropertyValueSpecification\",\"valueRequired\":true,\"valueName\":\"search_term_string\"}}],\"inLanguage\":\"ga-IE\"},{\"@type\":\"Organization\",\"@id\":\"https:\/\/gaelscoilnaduglaise.ie\/#organization\",\"name\":\"Gaelscoil na Duglaise\",\"url\":\"https:\/\/gaelscoilnaduglaise.ie\/\",\"logo\":{\"@type\":\"ImageObject\",\"inLanguage\":\"ga-IE\",\"@id\":\"https:\/\/gaelscoilnaduglaise.ie\/#\/schema\/logo\/image\/\",\"url\":\"https:\/\/gaelscoilnaduglaise.ie\/wp-content\/uploads\/2023\/09\/GND-Logo-Dark-1.png\",\"contentUrl\":\"https:\/\/gaelscoilnaduglaise.ie\/wp-content\/uploads\/2023\/09\/GND-Logo-Dark-1.png\",\"width\":400,\"height\":100,\"caption\":\"Gaelscoil na Duglaise\"},\"image\":{\"@id\":\"https:\/\/gaelscoilnaduglaise.ie\/#\/schema\/logo\/image\/\"}}]}<\/script>\n<!-- \/ Yoast SEO plugin. -->","yoast_head_json":{"title":"Club Obair Bhaile - GND","robots":{"index":"index","follow":"follow","max-snippet":"max-snippet:-1","max-image-preview":"max-image-preview:large","max-video-preview":"max-video-preview:-1"},"canonical":"https:\/\/gaelscoilnaduglaise.ie\/ga\/gniomhaiochtai\/club-obair-bhaile\/","og_locale":"ga_IE","og_type":"article","og_title":"Club Obair Bhaile - GND","og_description":"T\u00e1 M\u00fainteoir Sarah agus M\u00fainteoir \u00c1ine i bhfeighil ar an gClub Obair Bhaile gach Luan go D\u00e9ardaoin. Is iontach an deis \u00ed seo do ph\u00e1ist\u00ed tabhairt faoin obair bhaile faoi sti\u00fair an mh\u00fainteoir \u00f3 2.30 \u2013 3.30 pm &nbsp;","og_url":"https:\/\/gaelscoilnaduglaise.ie\/ga\/gniomhaiochtai\/club-obair-bhaile\/","og_site_name":"GND","article_modified_time":"2023-09-25T13:30:19+00:00","twitter_card":"summary_large_image","twitter_misc":{"Est. reading time":"1 minute"},"schema":{"@context":"https:\/\/schema.org","@graph":[{"@type":"WebPage","@id":"https:\/\/gaelscoilnaduglaise.ie\/ga\/gniomhaiochtai\/club-obair-bhaile\/","url":"https:\/\/gaelscoilnaduglaise.ie\/ga\/gniomhaiochtai\/club-obair-bhaile\/","name":"Club Obair Bhaile - GND","isPartOf":{"@id":"https:\/\/gaelscoilnaduglaise.ie\/#website"},"datePublished":"2023-01-06T09:41:41+00:00","dateModified":"2023-09-25T13:30:19+00:00","breadcrumb":{"@id":"https:\/\/gaelscoilnaduglaise.ie\/ga\/gniomhaiochtai\/club-obair-bhaile\/#breadcrumb"},"inLanguage":"ga-IE","potentialAction":[{"@type":"ReadAction","target":["https:\/\/gaelscoilnaduglaise.ie\/ga\/gniomhaiochtai\/club-obair-bhaile\/"]}]},{"@type":"BreadcrumbList","@id":"https:\/\/gaelscoilnaduglaise.ie\/ga\/gniomhaiochtai\/club-obair-bhaile\/#breadcrumb","itemListElement":[{"@type":"ListItem","position":1,"name":"Home","item":"https:\/\/gaelscoilnaduglaise.ie\/ga\/leathanach-baile\/"},{"@type":"ListItem","position":2,"name":"Gn\u00edomha\u00edochta\u00ed Scoile","item":"https:\/\/gaelscoilnaduglaise.ie\/ga\/gniomhaiochtai\/"},{"@type":"ListItem","position":3,"name":"Club Obair Bhaile"}]},{"@type":"WebSite","@id":"https:\/\/gaelscoilnaduglaise.ie\/#website","url":"https:\/\/gaelscoilnaduglaise.ie\/","name":"Gaelscoil na Duglaise","description":"Gaelscoil Na Duglaise","publisher":{"@id":"https:\/\/gaelscoilnaduglaise.ie\/#organization"},"potentialAction":[{"@type":"SearchAction","target":{"@type":"EntryPoint","urlTemplate":"https:\/\/gaelscoilnaduglaise.ie\/?s={search_term_string}"},"query-input":{"@type":"PropertyValueSpecification","valueRequired":true,"valueName":"search_term_string"}}],"inLanguage":"ga-IE"},{"@type":"Organization","@id":"https:\/\/gaelscoilnaduglaise.ie\/#organization","name":"Gaelscoil na Duglaise","url":"https:\/\/gaelscoilnaduglaise.ie\/","logo":{"@type":"ImageObject","inLanguage":"ga-IE","@id":"https:\/\/gaelscoilnaduglaise.ie\/#\/schema\/logo\/image\/","url":"https:\/\/gaelscoilnaduglaise.ie\/wp-content\/uploads\/2023\/09\/GND-Logo-Dark-1.png","contentUrl":"https:\/\/gaelscoilnaduglaise.ie\/wp-content\/uploads\/2023\/09\/GND-Logo-Dark-1.png","width":400,"height":100,"caption":"Gaelscoil na Duglaise"},"image":{"@id":"https:\/\/gaelscoilnaduglaise.ie\/#\/schema\/logo\/image\/"}}]}},"_links":{"self":[{"href":"https:\/\/gaelscoilnaduglaise.ie\/ga\/wp-json\/wp\/v2\/pages\/917","targetHints":{"allow":["GET"]}}],"collection":[{"href":"https:\/\/gaelscoilnaduglaise.ie\/ga\/wp-json\/wp\/v2\/pages"}],"about":[{"href":"https:\/\/gaelscoilnaduglaise.ie\/ga\/wp-json\/wp\/v2\/types\/page"}],"author":[{"embeddable":true,"href":"https:\/\/gaelscoilnaduglaise.ie\/ga\/wp-json\/wp\/v2\/users\/1"}],"replies":[{"embeddable":true,"href":"https:\/\/gaelscoilnaduglaise.ie\/ga\/wp-json\/wp\/v2\/comments?post=917"}],"version-history":[{"count":4,"href":"https:\/\/gaelscoilnaduglaise.ie\/ga\/wp-json\/wp\/v2\/pages\/917\/revisions"}],"predecessor-version":[{"id":1436,"href":"https:\/\/gaelscoilnaduglaise.ie\/ga\/wp-json\/wp\/v2\/pages\/917\/revisions\/1436"}],"up":[{"embeddable":true,"href":"https:\/\/gaelscoilnaduglaise.ie\/ga\/wp-json\/wp\/v2\/pages\/408"}],"wp:attachment":[{"href":"https:\/\/gaelscoilnaduglaise.ie\/ga\/wp-json\/wp\/v2\/media?parent=917"}],"curies":[{"name":"wp","href":"https:\/\/api.w.org\/{rel}","templated":true}]}}