{"id":923,"date":"2023-01-06T09:05:36","date_gmt":"2023-01-06T09:05:36","guid":{"rendered":"https:\/\/gaelscoilnaduglaise.ie\/gniomhaiochtai\/urlabhra-dramaiocht\/"},"modified":"2023-09-26T21:25:59","modified_gmt":"2023-09-26T20:25:59","slug":"urlabhra-dramaiocht","status":"publish","type":"page","link":"https:\/\/gaelscoilnaduglaise.ie\/ga\/gniomhaiochtai\/urlabhra-dramaiocht\/","title":{"rendered":"Urlabhra &#038; Dr\u00e1ma\u00edocht"},"content":{"rendered":"<p>[et_pb_section fb_built=&#8221;1&#8243; module_class=&#8221;df-area df-post&#8221; _builder_version=&#8221;4.19.1&#8243; _module_preset=&#8221;default&#8221; min_height=&#8221;70vh&#8221; custom_padding=&#8221;150px||100px|||&#8221; global_colors_info=&#8221;{}&#8221;][et_pb_row _builder_version=&#8221;4.22.2&#8243; _module_preset=&#8221;default&#8221; hover_enabled=&#8221;0&#8243; global_colors_info=&#8221;{}&#8221; sticky_enabled=&#8221;0&#8243;][et_pb_column type=&#8221;4_4&#8243; _builder_version=&#8221;4.19.0&#8243; _module_preset=&#8221;default&#8221; global_colors_info=&#8221;{}&#8221;][et_pb_text admin_label=&#8221;Page Title&#8221; _builder_version=&#8221;4.22.2&#8243; _module_preset=&#8221;default&#8221; text_font_size=&#8221;18px&#8221; header_text_color=&#8221;gcid-c43fe573-562c-433a-8771-3a88f0278e57&#8243; text_orientation=&#8221;center&#8221; border_width_bottom=&#8221;1px&#8221; border_color_bottom=&#8221;gcid-2e13aacd-4029-4ec3-abc0-b9b8d8224ca4&#8243; global_colors_info=&#8221;{%22gcid-c43fe573-562c-433a-8771-3a88f0278e57%22:%91%22header_text_color%22%93,%22gcid-2e13aacd-4029-4ec3-abc0-b9b8d8224ca4%22:%91%22border_color_bottom%22%93}&#8221; hover_enabled=&#8221;0&#8243; sticky_enabled=&#8221;0&#8243;]<\/p>\n<h1>club garra\u00edod\u00f3ireachta<\/h1>\n<p>[\/et_pb_text][\/et_pb_column][\/et_pb_row][et_pb_row _builder_version=&#8221;4.19.0&#8243; _module_preset=&#8221;default&#8221; global_colors_info=&#8221;{}&#8221;][et_pb_column type=&#8221;4_4&#8243; _builder_version=&#8221;4.19.0&#8243; _module_preset=&#8221;default&#8221; global_colors_info=&#8221;{}&#8221;][et_pb_text _builder_version=&#8221;4.22.2&#8243; _module_preset=&#8221;default&#8221; text_font_size=&#8221;18px&#8221; header_text_color=&#8221;gcid-c43fe573-562c-433a-8771-3a88f0278e57&#8243; text_orientation=&#8221;center&#8221; hover_enabled=&#8221;0&#8243; global_colors_info=&#8221;{%22gcid-c43fe573-562c-433a-8771-3a88f0278e57%22:%91%22header_text_color%22%93}&#8221; sticky_enabled=&#8221;0&#8243;]<\/p>\n<p>B\u00edonn \u00e1r gclub garra\u00edod\u00f3ireachta ar si\u00fal gach C\u00e9adaoin tar \u00e9is scoile le M\u00fainteoir Tricia agus M\u00fainteoir Eamonn. B\u00edonn na p\u00e1ist\u00ed ag tabhairt do na planda\u00ed agus d\u00edr\u00edonn an club ar fhiadh\u00falra d\u00fachasach a spreagadh sa cheantar. Anuraidh bh\u00edomar br\u00f3d\u00fail as \u00e1r gc\u00e9ad \u00f3st\u00e1in fabht a thabhairt isteach. I rith an gheimhridh rinne na p\u00e1ist\u00ed beathaithe \u00e9an, is bealach iontach \u00e9 seo chun foghlaim faoin d\u00falra ar bhealach praitici\u00fail.<\/p>\n<p>[\/et_pb_text][\/et_pb_column][\/et_pb_row][et_pb_row _builder_version=&#8221;4.22.2&#8243; _module_preset=&#8221;default&#8221; column_structure=&#8221;1_3,1_3,1_3&#8243;][et_pb_column _builder_version=&#8221;4.22.2&#8243; _module_preset=&#8221;default&#8221; type=&#8221;1_3&#8243;][et_pb_image src=&#8221;https:\/\/gaelscoilnaduglaise.ie\/wp-content\/uploads\/2023\/09\/IMG-20230420-WA0040-800&#215;600.jpg&#8221; _builder_version=&#8221;4.22.2&#8243; _module_preset=&#8221;default&#8221; title_text=&#8221;IMG-20230420-WA0040&#8243; hover_enabled=&#8221;0&#8243; sticky_enabled=&#8221;0&#8243;][\/et_pb_image][\/et_pb_column][et_pb_column _builder_version=&#8221;4.22.2&#8243; _module_preset=&#8221;default&#8221; type=&#8221;1_3&#8243;][et_pb_image src=&#8221;https:\/\/gaelscoilnaduglaise.ie\/wp-content\/uploads\/2023\/09\/325150954_1139430940092639_7274007225930526710_n-798&#215;600.jpg&#8221; _builder_version=&#8221;4.22.2&#8243; _module_preset=&#8221;default&#8221; title_text=&#8221;325150954_1139430940092639_7274007225930526710_n&#8221; hover_enabled=&#8221;0&#8243; sticky_enabled=&#8221;0&#8243;][\/et_pb_image][\/et_pb_column][et_pb_column _builder_version=&#8221;4.22.2&#8243; _module_preset=&#8221;default&#8221; type=&#8221;1_3&#8243;][et_pb_image src=&#8221;https:\/\/gaelscoilnaduglaise.ie\/wp-content\/uploads\/2023\/09\/PHOTO-2023-03-30-13-14-41-800&#215;600.jpg&#8221; _builder_version=&#8221;4.22.2&#8243; _module_preset=&#8221;default&#8221; title_text=&#8221;PHOTO-2023-03-30-13-14-41&#8243; hover_enabled=&#8221;0&#8243; sticky_enabled=&#8221;0&#8243;][\/et_pb_image][\/et_pb_column][\/et_pb_row][\/et_pb_section]<\/p>\n","protected":false},"excerpt":{"rendered":"<p>club garra\u00edod\u00f3ireachtaB\u00edonn \u00e1r gclub garra\u00edod\u00f3ireachta ar si\u00fal gach C\u00e9adaoin tar \u00e9is scoile le M\u00fainteoir Tricia agus M\u00fainteoir Eamonn. B\u00edonn na p\u00e1ist\u00ed ag tabhairt do na planda\u00ed agus d\u00edr\u00edonn an club ar fhiadh\u00falra d\u00fachasach a spreagadh sa cheantar. Anuraidh bh\u00edomar br\u00f3d\u00fail as \u00e1r gc\u00e9ad \u00f3st\u00e1in fabht a thabhairt isteach. I rith an gheimhridh rinne na p\u00e1ist\u00ed [&hellip;]<\/p>\n","protected":false},"author":1,"featured_media":0,"parent":408,"menu_order":0,"comment_status":"closed","ping_status":"closed","template":"","meta":{"_et_pb_use_builder":"on","_et_pb_old_content":"","_et_gb_content_width":"","ngg_post_thumbnail":0,"footnotes":""},"class_list":["post-923","page","type-page","status-publish","hentry"],"yoast_head":"<!-- This site is optimized with the Yoast SEO plugin v24.0 - https:\/\/yoast.com\/wordpress\/plugins\/seo\/ -->\n<title>Urlabhra &amp; Dr\u00e1ma\u00edocht - GND<\/title>\n<meta name=\"robots\" content=\"index, follow, max-snippet:-1, max-image-preview:large, max-video-preview:-1\" \/>\n<link rel=\"canonical\" href=\"https:\/\/gaelscoilnaduglaise.ie\/school-activities\/speech-drama\/\" \/>\n<meta property=\"og:locale\" content=\"ga_IE\" \/>\n<meta property=\"og:type\" content=\"article\" \/>\n<meta property=\"og:title\" content=\"Urlabhra &amp; Dr\u00e1ma\u00edocht - GND\" \/>\n<meta property=\"og:description\" content=\"club garra\u00edod\u00f3ireachtaB\u00edonn \u00e1r gclub garra\u00edod\u00f3ireachta ar si\u00fal gach C\u00e9adaoin tar \u00e9is scoile le M\u00fainteoir Tricia agus M\u00fainteoir Eamonn. B\u00edonn na p\u00e1ist\u00ed ag tabhairt do na planda\u00ed agus d\u00edr\u00edonn an club ar fhiadh\u00falra d\u00fachasach a spreagadh sa cheantar. Anuraidh bh\u00edomar br\u00f3d\u00fail as \u00e1r gc\u00e9ad \u00f3st\u00e1in fabht a thabhairt isteach. I rith an gheimhridh rinne na p\u00e1ist\u00ed [&hellip;]\" \/>\n<meta property=\"og:url\" content=\"https:\/\/gaelscoilnaduglaise.ie\/school-activities\/speech-drama\/\" \/>\n<meta property=\"og:site_name\" content=\"GND\" \/>\n<meta property=\"article:modified_time\" content=\"2023-09-26T20:25:59+00:00\" \/>\n<meta name=\"twitter:card\" content=\"summary_large_image\" \/>\n<meta name=\"twitter:label1\" content=\"Est. reading time\" \/>\n\t<meta name=\"twitter:data1\" content=\"2 minutes\" \/>\n<script type=\"application\/ld+json\" class=\"yoast-schema-graph\">{\"@context\":\"https:\/\/schema.org\",\"@graph\":[{\"@type\":\"WebPage\",\"@id\":\"https:\/\/gaelscoilnaduglaise.ie\/school-activities\/speech-drama\/\",\"url\":\"https:\/\/gaelscoilnaduglaise.ie\/school-activities\/speech-drama\/\",\"name\":\"Urlabhra & Dr\u00e1ma\u00edocht - GND\",\"isPartOf\":{\"@id\":\"https:\/\/gaelscoilnaduglaise.ie\/#website\"},\"datePublished\":\"2023-01-06T09:05:36+00:00\",\"dateModified\":\"2023-09-26T20:25:59+00:00\",\"breadcrumb\":{\"@id\":\"https:\/\/gaelscoilnaduglaise.ie\/school-activities\/speech-drama\/#breadcrumb\"},\"inLanguage\":\"ga-IE\",\"potentialAction\":[{\"@type\":\"ReadAction\",\"target\":[\"https:\/\/gaelscoilnaduglaise.ie\/school-activities\/speech-drama\/\"]}]},{\"@type\":\"BreadcrumbList\",\"@id\":\"https:\/\/gaelscoilnaduglaise.ie\/school-activities\/speech-drama\/#breadcrumb\",\"itemListElement\":[{\"@type\":\"ListItem\",\"position\":1,\"name\":\"Home\",\"item\":\"https:\/\/gaelscoilnaduglaise.ie\/ga\/leathanach-baile\/\"},{\"@type\":\"ListItem\",\"position\":2,\"name\":\"Gn\u00edomha\u00edochta\u00ed Scoile\",\"item\":\"https:\/\/gaelscoilnaduglaise.ie\/ga\/gniomhaiochtai\/\"},{\"@type\":\"ListItem\",\"position\":3,\"name\":\"Urlabhra &#038; Dr\u00e1ma\u00edocht\"}]},{\"@type\":\"WebSite\",\"@id\":\"https:\/\/gaelscoilnaduglaise.ie\/#website\",\"url\":\"https:\/\/gaelscoilnaduglaise.ie\/\",\"name\":\"Gaelscoil na Duglaise\",\"description\":\"Gaelscoil Na Duglaise\",\"publisher\":{\"@id\":\"https:\/\/gaelscoilnaduglaise.ie\/#organization\"},\"potentialAction\":[{\"@type\":\"SearchAction\",\"target\":{\"@type\":\"EntryPoint\",\"urlTemplate\":\"https:\/\/gaelscoilnaduglaise.ie\/?s={search_term_string}\"},\"query-input\":{\"@type\":\"PropertyValueSpecification\",\"valueRequired\":true,\"valueName\":\"search_term_string\"}}],\"inLanguage\":\"ga-IE\"},{\"@type\":\"Organization\",\"@id\":\"https:\/\/gaelscoilnaduglaise.ie\/#organization\",\"name\":\"Gaelscoil na Duglaise\",\"url\":\"https:\/\/gaelscoilnaduglaise.ie\/\",\"logo\":{\"@type\":\"ImageObject\",\"inLanguage\":\"ga-IE\",\"@id\":\"https:\/\/gaelscoilnaduglaise.ie\/#\/schema\/logo\/image\/\",\"url\":\"https:\/\/gaelscoilnaduglaise.ie\/wp-content\/uploads\/2023\/09\/GND-Logo-Dark-1.png\",\"contentUrl\":\"https:\/\/gaelscoilnaduglaise.ie\/wp-content\/uploads\/2023\/09\/GND-Logo-Dark-1.png\",\"width\":400,\"height\":100,\"caption\":\"Gaelscoil na Duglaise\"},\"image\":{\"@id\":\"https:\/\/gaelscoilnaduglaise.ie\/#\/schema\/logo\/image\/\"}}]}<\/script>\n<!-- \/ Yoast SEO plugin. -->","yoast_head_json":{"title":"Urlabhra & Dr\u00e1ma\u00edocht - GND","robots":{"index":"index","follow":"follow","max-snippet":"max-snippet:-1","max-image-preview":"max-image-preview:large","max-video-preview":"max-video-preview:-1"},"canonical":"https:\/\/gaelscoilnaduglaise.ie\/school-activities\/speech-drama\/","og_locale":"ga_IE","og_type":"article","og_title":"Urlabhra & Dr\u00e1ma\u00edocht - GND","og_description":"club garra\u00edod\u00f3ireachtaB\u00edonn \u00e1r gclub garra\u00edod\u00f3ireachta ar si\u00fal gach C\u00e9adaoin tar \u00e9is scoile le M\u00fainteoir Tricia agus M\u00fainteoir Eamonn. B\u00edonn na p\u00e1ist\u00ed ag tabhairt do na planda\u00ed agus d\u00edr\u00edonn an club ar fhiadh\u00falra d\u00fachasach a spreagadh sa cheantar. Anuraidh bh\u00edomar br\u00f3d\u00fail as \u00e1r gc\u00e9ad \u00f3st\u00e1in fabht a thabhairt isteach. I rith an gheimhridh rinne na p\u00e1ist\u00ed [&hellip;]","og_url":"https:\/\/gaelscoilnaduglaise.ie\/school-activities\/speech-drama\/","og_site_name":"GND","article_modified_time":"2023-09-26T20:25:59+00:00","twitter_card":"summary_large_image","twitter_misc":{"Est. reading time":"2 minutes"},"schema":{"@context":"https:\/\/schema.org","@graph":[{"@type":"WebPage","@id":"https:\/\/gaelscoilnaduglaise.ie\/school-activities\/speech-drama\/","url":"https:\/\/gaelscoilnaduglaise.ie\/school-activities\/speech-drama\/","name":"Urlabhra & Dr\u00e1ma\u00edocht - GND","isPartOf":{"@id":"https:\/\/gaelscoilnaduglaise.ie\/#website"},"datePublished":"2023-01-06T09:05:36+00:00","dateModified":"2023-09-26T20:25:59+00:00","breadcrumb":{"@id":"https:\/\/gaelscoilnaduglaise.ie\/school-activities\/speech-drama\/#breadcrumb"},"inLanguage":"ga-IE","potentialAction":[{"@type":"ReadAction","target":["https:\/\/gaelscoilnaduglaise.ie\/school-activities\/speech-drama\/"]}]},{"@type":"BreadcrumbList","@id":"https:\/\/gaelscoilnaduglaise.ie\/school-activities\/speech-drama\/#breadcrumb","itemListElement":[{"@type":"ListItem","position":1,"name":"Home","item":"https:\/\/gaelscoilnaduglaise.ie\/ga\/leathanach-baile\/"},{"@type":"ListItem","position":2,"name":"Gn\u00edomha\u00edochta\u00ed Scoile","item":"https:\/\/gaelscoilnaduglaise.ie\/ga\/gniomhaiochtai\/"},{"@type":"ListItem","position":3,"name":"Urlabhra &#038; Dr\u00e1ma\u00edocht"}]},{"@type":"WebSite","@id":"https:\/\/gaelscoilnaduglaise.ie\/#website","url":"https:\/\/gaelscoilnaduglaise.ie\/","name":"Gaelscoil na Duglaise","description":"Gaelscoil Na Duglaise","publisher":{"@id":"https:\/\/gaelscoilnaduglaise.ie\/#organization"},"potentialAction":[{"@type":"SearchAction","target":{"@type":"EntryPoint","urlTemplate":"https:\/\/gaelscoilnaduglaise.ie\/?s={search_term_string}"},"query-input":{"@type":"PropertyValueSpecification","valueRequired":true,"valueName":"search_term_string"}}],"inLanguage":"ga-IE"},{"@type":"Organization","@id":"https:\/\/gaelscoilnaduglaise.ie\/#organization","name":"Gaelscoil na Duglaise","url":"https:\/\/gaelscoilnaduglaise.ie\/","logo":{"@type":"ImageObject","inLanguage":"ga-IE","@id":"https:\/\/gaelscoilnaduglaise.ie\/#\/schema\/logo\/image\/","url":"https:\/\/gaelscoilnaduglaise.ie\/wp-content\/uploads\/2023\/09\/GND-Logo-Dark-1.png","contentUrl":"https:\/\/gaelscoilnaduglaise.ie\/wp-content\/uploads\/2023\/09\/GND-Logo-Dark-1.png","width":400,"height":100,"caption":"Gaelscoil na Duglaise"},"image":{"@id":"https:\/\/gaelscoilnaduglaise.ie\/#\/schema\/logo\/image\/"}}]}},"_links":{"self":[{"href":"https:\/\/gaelscoilnaduglaise.ie\/ga\/wp-json\/wp\/v2\/pages\/923","targetHints":{"allow":["GET"]}}],"collection":[{"href":"https:\/\/gaelscoilnaduglaise.ie\/ga\/wp-json\/wp\/v2\/pages"}],"about":[{"href":"https:\/\/gaelscoilnaduglaise.ie\/ga\/wp-json\/wp\/v2\/types\/page"}],"author":[{"embeddable":true,"href":"https:\/\/gaelscoilnaduglaise.ie\/ga\/wp-json\/wp\/v2\/users\/1"}],"replies":[{"embeddable":true,"href":"https:\/\/gaelscoilnaduglaise.ie\/ga\/wp-json\/wp\/v2\/comments?post=923"}],"version-history":[{"count":4,"href":"https:\/\/gaelscoilnaduglaise.ie\/ga\/wp-json\/wp\/v2\/pages\/923\/revisions"}],"predecessor-version":[{"id":1545,"href":"https:\/\/gaelscoilnaduglaise.ie\/ga\/wp-json\/wp\/v2\/pages\/923\/revisions\/1545"}],"up":[{"embeddable":true,"href":"https:\/\/gaelscoilnaduglaise.ie\/ga\/wp-json\/wp\/v2\/pages\/408"}],"wp:attachment":[{"href":"https:\/\/gaelscoilnaduglaise.ie\/ga\/wp-json\/wp\/v2\/media?parent=923"}],"curies":[{"name":"wp","href":"https:\/\/api.w.org\/{rel}","templated":true}]}}