{"id":926,"date":"2023-01-05T15:42:26","date_gmt":"2023-01-05T15:42:26","guid":{"rendered":"https:\/\/gaelscoilnaduglaise.ie\/gniomhaiochtai\/sport\/"},"modified":"2024-04-09T15:03:00","modified_gmt":"2024-04-09T14:03:00","slug":"sport","status":"publish","type":"page","link":"https:\/\/gaelscoilnaduglaise.ie\/ga\/gniomhaiochtai\/sport\/","title":{"rendered":"Sp\u00f3rt"},"content":{"rendered":"<p>[et_pb_section fb_built=&#8221;1&#8243; module_class=&#8221;df-area df-post&#8221; _builder_version=&#8221;4.19.1&#8243; _module_preset=&#8221;default&#8221; min_height=&#8221;70vh&#8221; custom_padding=&#8221;150px||100px|||&#8221; global_colors_info=&#8221;{}&#8221;][et_pb_row _builder_version=&#8221;4.19.0&#8243; _module_preset=&#8221;default&#8221; global_colors_info=&#8221;{}&#8221;][et_pb_column type=&#8221;4_4&#8243; _builder_version=&#8221;4.19.0&#8243; _module_preset=&#8221;default&#8221; global_colors_info=&#8221;{}&#8221;][et_pb_text admin_label=&#8221;Page Title&#8221; _builder_version=&#8221;4.19.1&#8243; _dynamic_attributes=&#8221;content&#8221; _module_preset=&#8221;default&#8221; text_font_size=&#8221;18px&#8221; header_text_color=&#8221;gcid-c43fe573-562c-433a-8771-3a88f0278e57&#8243; text_orientation=&#8221;center&#8221; border_width_bottom=&#8221;1px&#8221; border_color_bottom=&#8221;gcid-2e13aacd-4029-4ec3-abc0-b9b8d8224ca4&#8243; locked=&#8221;off&#8221; global_colors_info=&#8221;{%22gcid-c43fe573-562c-433a-8771-3a88f0278e57%22:%91%22header_text_color%22%93,%22gcid-2e13aacd-4029-4ec3-abc0-b9b8d8224ca4%22:%91%22border_color_bottom%22%93}&#8221;]@ET-DC@eyJkeW5hbWljIjp0cnVlLCJjb250ZW50IjoicG9zdF90aXRsZSIsInNldHRpbmdzIjp7ImJlZm9yZSI6IjxoMT4iLCJhZnRlciI6IjwvaDE+In19@[\/et_pb_text][\/et_pb_column][\/et_pb_row][et_pb_row _builder_version=&#8221;4.19.0&#8243; _module_preset=&#8221;default&#8221; global_colors_info=&#8221;{}&#8221;][et_pb_column type=&#8221;4_4&#8243; _builder_version=&#8221;4.19.0&#8243; _module_preset=&#8221;default&#8221; global_colors_info=&#8221;{}&#8221;][et_pb_text _builder_version=&#8221;4.22.2&#8243; _module_preset=&#8221;default&#8221; text_font_size=&#8221;18px&#8221; header_text_color=&#8221;gcid-c43fe573-562c-433a-8771-3a88f0278e57&#8243; text_orientation=&#8221;center&#8221; global_colors_info=&#8221;{%22gcid-c43fe573-562c-433a-8771-3a88f0278e57%22:%91%22header_text_color%22%93}&#8221;]<\/p>\n<p>T\u00e1 r\u00f3l l\u00e1rnach ag an sp\u00f3rt i nGaelscoil na D\u00faglaise. Cuirtear raon leathan imeachta\u00ed ar f\u00e1il.<\/p>\n<p>&nbsp;<\/p>\n<p>[\/et_pb_text][\/et_pb_column][\/et_pb_row][et_pb_row _builder_version=&#8221;4.19.1&#8243; _module_preset=&#8221;default&#8221; global_colors_info=&#8221;{}&#8221;][et_pb_column type=&#8221;4_4&#8243; _builder_version=&#8221;4.19.1&#8243; _module_preset=&#8221;default&#8221; global_colors_info=&#8221;{}&#8221;][et_pb_toggle title=&#8221;\u00a0 \u00a0 \u00a0 \u00a0 \u00a0 \u00a0 \u00a0 \u00a0 \u00a0 \u00a0 \u00a0 \u00a0 \u00a0 \u00a0 \u00a0 \u00a0 \u00a0 \u00a0 \u00a0 \u00a0 \u00a0 \u00a0 \u00a0 \u00a0 \u00a0 \u00a0 \u00a0 \u00a0 \u00a0 \u00a0 \u00a0 Peil, Iom\u00e1na\u00edocht agus Cam\u00f3ga\u00edocht&#8221; open_toggle_text_color=&#8221;gcid-c43fe573-562c-433a-8771-3a88f0278e57&#8243; closed_toggle_text_color=&#8221;gcid-c43fe573-562c-433a-8771-3a88f0278e57&#8243; icon_color=&#8221;#0C71C3&#8243; toggle_icon=&#8221;&#x37;||divi||400&#8243; use_icon_font_size=&#8221;on&#8221; icon_font_size=&#8221;26px&#8221; open_icon_color=&#8221;#7CDA24&#8243; open_toggle_icon=&#8221;&#xe047;||divi||400&#8243; open_use_icon_font_size=&#8221;on&#8221; open_icon_font_size=&#8221;26px&#8221; _builder_version=&#8221;4.22.2&#8243; _module_preset=&#8221;default&#8221; title_text_color=&#8221;gcid-c43fe573-562c-433a-8771-3a88f0278e57&#8243; title_font=&#8221;|600|||||||&#8221; title_font_size=&#8221;18px&#8221; title_letter_spacing=&#8221;1px&#8221; closed_title_letter_spacing=&#8221;1px&#8221; background_color=&#8221;RGBA(255,255,255,0)&#8221; hover_enabled=&#8221;0&#8243; border_width_all=&#8221;0px&#8221; border_width_bottom=&#8221;1px&#8221; border_color_bottom=&#8221;#7CDA24&#8243; border_width_left=&#8221;5px&#8221; border_color_left=&#8221;gcid-2e13aacd-4029-4ec3-abc0-b9b8d8224ca4&#8243; global_colors_info=&#8221;{%22gcid-c43fe573-562c-433a-8771-3a88f0278e57%22:%91%22open_toggle_text_color%22,%22title_text_color%22,%22closed_toggle_text_color%22%93,%22gcid-2e13aacd-4029-4ec3-abc0-b9b8d8224ca4%22:%91%22border_color_left%22%93}&#8221; sticky_enabled=&#8221;0&#8243;]<\/p>\n<p style=\"text-align: center;\">\u00a0 \u00a0 \u00a0 \u00a0 \u00a0 \u00a0 \u00a0 \u00a0 \u00a0 \u00a0 \u00a0 \u00a0 \u00a0 \u00a0 \u00a0 \u00a0 \u00a0 \u00a0 \u00a0 \u00a0 \u00a0 \u00a0 \u00a0<img loading=\"lazy\" decoding=\"async\" src=\"https:\/\/gaelscoilnaduglaise.ie\/wp-content\/uploads\/2024\/04\/53212605001_385e5c3c3c_o-1-800x571.jpg\" width=\"800\" height=\"571\" alt=\"\" class=\"wp-image-1682 alignnone size-medium\" \/>T\u00e1 an-\u00e9ileamh ar an bPeil, Iom\u00e1na\u00edocht agus ar an gCam\u00f3ga\u00edocht anseo sa Ghaelscoil. Is ioma\u00ed deis a fhaigheann na p\u00e1ist\u00ed, blaiseadh a fh\u00e1il d&#8217;\u00e1r gcluich\u00ed n\u00e1isi\u00fanta.<\/p>\n<p>&nbsp;<\/p>\n<p>B\u00edonn traen\u00e1il ag na cail\u00edn\u00ed sa pheil agus sa cham\u00f3ga\u00edocht gach C\u00e9adaoin agus Aoine le M\u00faintoir\u00ed Kim, Aidan agus tuismitheoir Oliver MacAndri\u00fa. B\u00edonn buachaill\u00ed ag traen\u00e1il gach M\u00e1irt agus D\u00e9ardaoin faoi sti\u00far M\u00fainteoir Marc agus M\u00fainteoir Harry.<\/p>\n<p>Glacann na p\u00e1ist\u00ed p\u00e1irt sa chom\u00f3rtas bunscoile Sciath na Scol gach bliain sa pheil agus sa cham\u00f3ga\u00edocht\/iom\u00e1na\u00edocht. Is m\u00f3r an on\u00f3ir \u00ed don scoil nuair a imr\u00edonn foireann na scoile i bP\u00e1irc U\u00ed Rinn agus i bP\u00e1irc U\u00ed Chaoimh. T\u00e1 foireann na gcail\u00edn\u00ed tar \u00e9is an com\u00f3rtas a bhuachaint le dh\u00e1 bhliain anuas anois agus ta an peil buaite ag na buachaill\u00ed le blianta beaga anuas chomh maith. B\u00edonn cuma iontach ar na corn san ionad f\u00e1ilti\u00fa anseo ar scoil!<\/p>\n<p>B\u00edonn an fonn ar p\u00e1ist\u00ed na scoile tabhairt faoi cluich\u00ed Gaelacha ar scoil. Is ioma\u00ed deis a fhaigheann p\u00e1ist\u00ed \u00f3ga tabhairt futht i mbliotsanna a bh\u00edonn eagraithe sa cheantar \u00e1iti\u00fail chomh maith!<\/p>\n<p>[\/et_pb_toggle][et_pb_toggle title=&#8221;l\u00fathchleasa\u00edocht&#8221; open_toggle_text_color=&#8221;#06547b&#8221; closed_toggle_text_color=&#8221;#06547b&#8221; icon_color=&#8221;#0C71C3&#8243; toggle_icon=&#8221;&#x37;||divi||400&#8243; use_icon_font_size=&#8221;on&#8221; icon_font_size=&#8221;26px&#8221; open_icon_color=&#8221;#7CDA24&#8243; open_toggle_icon=&#8221;&#xe047;||divi||400&#8243; open_use_icon_font_size=&#8221;on&#8221; open_icon_font_size=&#8221;26px&#8221; _builder_version=&#8221;4.19.1&#8243; _module_preset=&#8221;default&#8221; title_text_color=&#8221;#06547b&#8221; title_font=&#8221;|600|||||||&#8221; title_font_size=&#8221;18px&#8221; title_letter_spacing=&#8221;1px&#8221; closed_title_letter_spacing=&#8221;1px&#8221; background_color=&#8221;RGBA(255,255,255,0)&#8221; border_width_all=&#8221;0px&#8221; border_width_bottom=&#8221;1px&#8221; border_color_bottom=&#8221;#7CDA24&#8243; border_width_left=&#8221;5px&#8221; border_color_left=&#8221;#45c41d&#8221; global_colors_info=&#8221;{%22gcid-c43fe573-562c-433a-8771-3a88f0278e57%22:%91%22open_toggle_text_color%22,%22title_text_color%22,%22closed_toggle_text_color%22%93,%22gcid-2e13aacd-4029-4ec3-abc0-b9b8d8224ca4%22:%91%22border_color_left%22%93}&#8221;]<\/p>\n<p>Ullmha\u00edonn M\u00fainteoir \u00c9amonn, M\u00fainteoir Marc agus M\u00fainteoir Kim na p\u00e1ist\u00ed gach bliain chun p\u00e1irt a ghlacadh i Sp\u00f3rt na Cathrach. Beireann siad boinn leo abhaile gach bliain!<\/p>\n<p><img loading=\"lazy\" decoding=\"async\" class=\"wp-image-522 size-full aligncenter\" src=\"https:\/\/gaelscoilnaduglaise.ie\/wp-content\/uploads\/2023\/01\/Sport-Athletics.jpg\" alt=\"School Athletics\" width=\"400\" height=\"300\" \/><\/p>\n<p>&nbsp;<\/p>\n<p>B\u00edonn r\u00e1sanna aonair i gceist anseo, chomh maith le ath-r\u00e1sanna. Is m\u00f3r an on\u00f3ir d\u00fainn \u00e9 nuair a shroicheann dalta\u00ed na scoile craobh an chontae!<\/p>\n<p>Tugtar deiseanna rialta do ph\u00e1ist\u00ed a scileanna l\u00fathchleasa\u00edochta a chur i gcleachtadh ar scoil i rith ranganna Corp Oideachais agus n\u00e1 d\u00e9an dearmad an l\u00e1 m\u00f3r sp\u00f3irt a bh\u00edonn againn gach Meitheamh!\u00a0<\/p>\n<p>[\/et_pb_toggle][et_pb_toggle title=&#8221;Lead\u00f3g&#8221; open_toggle_text_color=&#8221;#06547b&#8221; closed_toggle_text_color=&#8221;#06547b&#8221; icon_color=&#8221;#0C71C3&#8243; toggle_icon=&#8221;&#x37;||divi||400&#8243; use_icon_font_size=&#8221;on&#8221; icon_font_size=&#8221;26px&#8221; open_icon_color=&#8221;#7CDA24&#8243; open_toggle_icon=&#8221;&#xe047;||divi||400&#8243; open_use_icon_font_size=&#8221;on&#8221; open_icon_font_size=&#8221;26px&#8221; _builder_version=&#8221;4.22.2&#8243; _module_preset=&#8221;default&#8221; title_text_color=&#8221;#06547b&#8221; title_font=&#8221;|600|||||||&#8221; title_font_size=&#8221;18px&#8221; title_letter_spacing=&#8221;1px&#8221; closed_title_letter_spacing=&#8221;1px&#8221; background_color=&#8221;RGBA(255,255,255,0)&#8221; border_width_all=&#8221;0px&#8221; border_width_bottom=&#8221;1px&#8221; border_color_bottom=&#8221;#7CDA24&#8243; border_width_left=&#8221;5px&#8221; border_color_left=&#8221;#45c41d&#8221; global_colors_info=&#8221;{%22gcid-c43fe573-562c-433a-8771-3a88f0278e57%22:%91%22open_toggle_text_color%22,%22title_text_color%22,%22closed_toggle_text_color%22%93,%22gcid-2e13aacd-4029-4ec3-abc0-b9b8d8224ca4%22:%91%22border_color_left%22%93}&#8221;]<\/p>\n<p>T\u00e1 an-eileamh ar ranganna lead\u00f3ige i nGaelscoil na D\u00faglaise. Freastla\u00edonn p\u00e1ist\u00ed \u00f3 na\u00edon\u00e1in sh\u00f3isireacha go rang 6 ar na ranganna gach M\u00e1irt agus D\u00e9ardaoin.<\/p>\n<p>Cuirtear b\u00e9im ar taitneamh agus forbairt scileanna sna ranganna seo. Baintear \u00fas\u00e1id as c\u00fairteanna lead\u00f3ige na scoile sa dea-aimsir agus b\u00edonn an halla ar f\u00e1il nuair nach f\u00e9idir de bharr an aimsir.<\/p>\n<p>Is traen\u00e1la\u00ed c\u00e1ilithe \u00e9 Conor Clarke le club lead\u00f3ige Bhaile an Easpaig agus is \u00e9 Conor a bh\u00edonn i gceannas ar na ranganna. Cuireann s\u00e9 campa lead\u00f3ige ar f\u00e1il chomh maith i rith an tsamhraidh.<\/p>\n<p style=\"text-align: center;\"><img loading=\"lazy\" decoding=\"async\" src=\"https:\/\/gaelscoilnaduglaise.ie\/wp-content\/uploads\/2023\/09\/20230925_145824-450x600.jpg\" width=\"450\" height=\"600\" alt=\"\" class=\"wp-image-1527 alignnone size-medium\" \/><\/p>\n<p>[\/et_pb_toggle][\/et_pb_column][\/et_pb_row][\/et_pb_section]<\/p>\n","protected":false},"excerpt":{"rendered":"<p>T\u00e1 r\u00f3l l\u00e1rnach ag an sp\u00f3rt i nGaelscoil na D\u00faglaise. Cuirtear raon leathan imeachta\u00ed ar f\u00e1il. &nbsp;\u00a0 \u00a0 \u00a0 \u00a0 \u00a0 \u00a0 \u00a0 \u00a0 \u00a0 \u00a0 \u00a0 \u00a0 \u00a0 \u00a0 \u00a0 \u00a0 \u00a0 \u00a0 \u00a0 \u00a0 \u00a0 \u00a0 \u00a0T\u00e1 an-\u00e9ileamh ar an bPeil, Iom\u00e1na\u00edocht agus ar an gCam\u00f3ga\u00edocht anseo sa Ghaelscoil. Is ioma\u00ed deis a [&hellip;]<\/p>\n","protected":false},"author":1,"featured_media":0,"parent":408,"menu_order":0,"comment_status":"closed","ping_status":"closed","template":"","meta":{"_et_pb_use_builder":"on","_et_pb_old_content":"","_et_gb_content_width":"","ngg_post_thumbnail":0,"footnotes":""},"class_list":["post-926","page","type-page","status-publish","hentry"],"yoast_head":"<!-- This site is optimized with the Yoast SEO plugin v24.0 - https:\/\/yoast.com\/wordpress\/plugins\/seo\/ -->\n<title>Sp\u00f3rt - GND<\/title>\n<meta name=\"robots\" content=\"index, follow, max-snippet:-1, max-image-preview:large, max-video-preview:-1\" \/>\n<link rel=\"canonical\" href=\"https:\/\/gaelscoilnaduglaise.ie\/ga\/gniomhaiochtai\/sport\/\" \/>\n<meta property=\"og:locale\" content=\"ga_IE\" \/>\n<meta property=\"og:type\" content=\"article\" \/>\n<meta property=\"og:title\" content=\"Sp\u00f3rt - GND\" \/>\n<meta property=\"og:description\" content=\"T\u00e1 r\u00f3l l\u00e1rnach ag an sp\u00f3rt i nGaelscoil na D\u00faglaise. Cuirtear raon leathan imeachta\u00ed ar f\u00e1il. &nbsp;\u00a0 \u00a0 \u00a0 \u00a0 \u00a0 \u00a0 \u00a0 \u00a0 \u00a0 \u00a0 \u00a0 \u00a0 \u00a0 \u00a0 \u00a0 \u00a0 \u00a0 \u00a0 \u00a0 \u00a0 \u00a0 \u00a0 \u00a0T\u00e1 an-\u00e9ileamh ar an bPeil, Iom\u00e1na\u00edocht agus ar an gCam\u00f3ga\u00edocht anseo sa Ghaelscoil. Is ioma\u00ed deis a [&hellip;]\" \/>\n<meta property=\"og:url\" content=\"https:\/\/gaelscoilnaduglaise.ie\/ga\/gniomhaiochtai\/sport\/\" \/>\n<meta property=\"og:site_name\" content=\"GND\" \/>\n<meta property=\"article:modified_time\" content=\"2024-04-09T14:03:00+00:00\" \/>\n<meta property=\"og:image\" content=\"https:\/\/gaelscoilnaduglaise.ie\/wp-content\/uploads\/2024\/04\/53212605001_385e5c3c3c_o-1-800x571.jpg\" \/>\n<meta name=\"twitter:card\" content=\"summary_large_image\" \/>\n<meta name=\"twitter:label1\" content=\"Est. reading time\" \/>\n\t<meta name=\"twitter:data1\" content=\"6 minutes\" \/>\n<script type=\"application\/ld+json\" class=\"yoast-schema-graph\">{\"@context\":\"https:\/\/schema.org\",\"@graph\":[{\"@type\":\"WebPage\",\"@id\":\"https:\/\/gaelscoilnaduglaise.ie\/ga\/gniomhaiochtai\/sport\/\",\"url\":\"https:\/\/gaelscoilnaduglaise.ie\/ga\/gniomhaiochtai\/sport\/\",\"name\":\"Sp\u00f3rt - GND\",\"isPartOf\":{\"@id\":\"https:\/\/gaelscoilnaduglaise.ie\/#website\"},\"primaryImageOfPage\":{\"@id\":\"https:\/\/gaelscoilnaduglaise.ie\/ga\/gniomhaiochtai\/sport\/#primaryimage\"},\"image\":{\"@id\":\"https:\/\/gaelscoilnaduglaise.ie\/ga\/gniomhaiochtai\/sport\/#primaryimage\"},\"thumbnailUrl\":\"https:\/\/gaelscoilnaduglaise.ie\/wp-content\/uploads\/2024\/04\/53212605001_385e5c3c3c_o-1-800x571.jpg\",\"datePublished\":\"2023-01-05T15:42:26+00:00\",\"dateModified\":\"2024-04-09T14:03:00+00:00\",\"breadcrumb\":{\"@id\":\"https:\/\/gaelscoilnaduglaise.ie\/ga\/gniomhaiochtai\/sport\/#breadcrumb\"},\"inLanguage\":\"ga-IE\",\"potentialAction\":[{\"@type\":\"ReadAction\",\"target\":[\"https:\/\/gaelscoilnaduglaise.ie\/ga\/gniomhaiochtai\/sport\/\"]}]},{\"@type\":\"ImageObject\",\"inLanguage\":\"ga-IE\",\"@id\":\"https:\/\/gaelscoilnaduglaise.ie\/ga\/gniomhaiochtai\/sport\/#primaryimage\",\"url\":\"https:\/\/gaelscoilnaduglaise.ie\/wp-content\/uploads\/2024\/04\/53212605001_385e5c3c3c_o-1-800x571.jpg\",\"contentUrl\":\"https:\/\/gaelscoilnaduglaise.ie\/wp-content\/uploads\/2024\/04\/53212605001_385e5c3c3c_o-1-800x571.jpg\"},{\"@type\":\"BreadcrumbList\",\"@id\":\"https:\/\/gaelscoilnaduglaise.ie\/ga\/gniomhaiochtai\/sport\/#breadcrumb\",\"itemListElement\":[{\"@type\":\"ListItem\",\"position\":1,\"name\":\"Home\",\"item\":\"https:\/\/gaelscoilnaduglaise.ie\/ga\/leathanach-baile\/\"},{\"@type\":\"ListItem\",\"position\":2,\"name\":\"Gn\u00edomha\u00edochta\u00ed Scoile\",\"item\":\"https:\/\/gaelscoilnaduglaise.ie\/ga\/gniomhaiochtai\/\"},{\"@type\":\"ListItem\",\"position\":3,\"name\":\"Sp\u00f3rt\"}]},{\"@type\":\"WebSite\",\"@id\":\"https:\/\/gaelscoilnaduglaise.ie\/#website\",\"url\":\"https:\/\/gaelscoilnaduglaise.ie\/\",\"name\":\"Gaelscoil na Duglaise\",\"description\":\"Gaelscoil Na Duglaise\",\"publisher\":{\"@id\":\"https:\/\/gaelscoilnaduglaise.ie\/#organization\"},\"potentialAction\":[{\"@type\":\"SearchAction\",\"target\":{\"@type\":\"EntryPoint\",\"urlTemplate\":\"https:\/\/gaelscoilnaduglaise.ie\/?s={search_term_string}\"},\"query-input\":{\"@type\":\"PropertyValueSpecification\",\"valueRequired\":true,\"valueName\":\"search_term_string\"}}],\"inLanguage\":\"ga-IE\"},{\"@type\":\"Organization\",\"@id\":\"https:\/\/gaelscoilnaduglaise.ie\/#organization\",\"name\":\"Gaelscoil na Duglaise\",\"url\":\"https:\/\/gaelscoilnaduglaise.ie\/\",\"logo\":{\"@type\":\"ImageObject\",\"inLanguage\":\"ga-IE\",\"@id\":\"https:\/\/gaelscoilnaduglaise.ie\/#\/schema\/logo\/image\/\",\"url\":\"https:\/\/gaelscoilnaduglaise.ie\/wp-content\/uploads\/2023\/09\/GND-Logo-Dark-1.png\",\"contentUrl\":\"https:\/\/gaelscoilnaduglaise.ie\/wp-content\/uploads\/2023\/09\/GND-Logo-Dark-1.png\",\"width\":400,\"height\":100,\"caption\":\"Gaelscoil na Duglaise\"},\"image\":{\"@id\":\"https:\/\/gaelscoilnaduglaise.ie\/#\/schema\/logo\/image\/\"}}]}<\/script>\n<!-- \/ Yoast SEO plugin. -->","yoast_head_json":{"title":"Sp\u00f3rt - GND","robots":{"index":"index","follow":"follow","max-snippet":"max-snippet:-1","max-image-preview":"max-image-preview:large","max-video-preview":"max-video-preview:-1"},"canonical":"https:\/\/gaelscoilnaduglaise.ie\/ga\/gniomhaiochtai\/sport\/","og_locale":"ga_IE","og_type":"article","og_title":"Sp\u00f3rt - GND","og_description":"T\u00e1 r\u00f3l l\u00e1rnach ag an sp\u00f3rt i nGaelscoil na D\u00faglaise. Cuirtear raon leathan imeachta\u00ed ar f\u00e1il. &nbsp;\u00a0 \u00a0 \u00a0 \u00a0 \u00a0 \u00a0 \u00a0 \u00a0 \u00a0 \u00a0 \u00a0 \u00a0 \u00a0 \u00a0 \u00a0 \u00a0 \u00a0 \u00a0 \u00a0 \u00a0 \u00a0 \u00a0 \u00a0T\u00e1 an-\u00e9ileamh ar an bPeil, Iom\u00e1na\u00edocht agus ar an gCam\u00f3ga\u00edocht anseo sa Ghaelscoil. Is ioma\u00ed deis a [&hellip;]","og_url":"https:\/\/gaelscoilnaduglaise.ie\/ga\/gniomhaiochtai\/sport\/","og_site_name":"GND","article_modified_time":"2024-04-09T14:03:00+00:00","og_image":[{"url":"https:\/\/gaelscoilnaduglaise.ie\/wp-content\/uploads\/2024\/04\/53212605001_385e5c3c3c_o-1-800x571.jpg","type":"","width":"","height":""}],"twitter_card":"summary_large_image","twitter_misc":{"Est. reading time":"6 minutes"},"schema":{"@context":"https:\/\/schema.org","@graph":[{"@type":"WebPage","@id":"https:\/\/gaelscoilnaduglaise.ie\/ga\/gniomhaiochtai\/sport\/","url":"https:\/\/gaelscoilnaduglaise.ie\/ga\/gniomhaiochtai\/sport\/","name":"Sp\u00f3rt - GND","isPartOf":{"@id":"https:\/\/gaelscoilnaduglaise.ie\/#website"},"primaryImageOfPage":{"@id":"https:\/\/gaelscoilnaduglaise.ie\/ga\/gniomhaiochtai\/sport\/#primaryimage"},"image":{"@id":"https:\/\/gaelscoilnaduglaise.ie\/ga\/gniomhaiochtai\/sport\/#primaryimage"},"thumbnailUrl":"https:\/\/gaelscoilnaduglaise.ie\/wp-content\/uploads\/2024\/04\/53212605001_385e5c3c3c_o-1-800x571.jpg","datePublished":"2023-01-05T15:42:26+00:00","dateModified":"2024-04-09T14:03:00+00:00","breadcrumb":{"@id":"https:\/\/gaelscoilnaduglaise.ie\/ga\/gniomhaiochtai\/sport\/#breadcrumb"},"inLanguage":"ga-IE","potentialAction":[{"@type":"ReadAction","target":["https:\/\/gaelscoilnaduglaise.ie\/ga\/gniomhaiochtai\/sport\/"]}]},{"@type":"ImageObject","inLanguage":"ga-IE","@id":"https:\/\/gaelscoilnaduglaise.ie\/ga\/gniomhaiochtai\/sport\/#primaryimage","url":"https:\/\/gaelscoilnaduglaise.ie\/wp-content\/uploads\/2024\/04\/53212605001_385e5c3c3c_o-1-800x571.jpg","contentUrl":"https:\/\/gaelscoilnaduglaise.ie\/wp-content\/uploads\/2024\/04\/53212605001_385e5c3c3c_o-1-800x571.jpg"},{"@type":"BreadcrumbList","@id":"https:\/\/gaelscoilnaduglaise.ie\/ga\/gniomhaiochtai\/sport\/#breadcrumb","itemListElement":[{"@type":"ListItem","position":1,"name":"Home","item":"https:\/\/gaelscoilnaduglaise.ie\/ga\/leathanach-baile\/"},{"@type":"ListItem","position":2,"name":"Gn\u00edomha\u00edochta\u00ed Scoile","item":"https:\/\/gaelscoilnaduglaise.ie\/ga\/gniomhaiochtai\/"},{"@type":"ListItem","position":3,"name":"Sp\u00f3rt"}]},{"@type":"WebSite","@id":"https:\/\/gaelscoilnaduglaise.ie\/#website","url":"https:\/\/gaelscoilnaduglaise.ie\/","name":"Gaelscoil na Duglaise","description":"Gaelscoil Na Duglaise","publisher":{"@id":"https:\/\/gaelscoilnaduglaise.ie\/#organization"},"potentialAction":[{"@type":"SearchAction","target":{"@type":"EntryPoint","urlTemplate":"https:\/\/gaelscoilnaduglaise.ie\/?s={search_term_string}"},"query-input":{"@type":"PropertyValueSpecification","valueRequired":true,"valueName":"search_term_string"}}],"inLanguage":"ga-IE"},{"@type":"Organization","@id":"https:\/\/gaelscoilnaduglaise.ie\/#organization","name":"Gaelscoil na Duglaise","url":"https:\/\/gaelscoilnaduglaise.ie\/","logo":{"@type":"ImageObject","inLanguage":"ga-IE","@id":"https:\/\/gaelscoilnaduglaise.ie\/#\/schema\/logo\/image\/","url":"https:\/\/gaelscoilnaduglaise.ie\/wp-content\/uploads\/2023\/09\/GND-Logo-Dark-1.png","contentUrl":"https:\/\/gaelscoilnaduglaise.ie\/wp-content\/uploads\/2023\/09\/GND-Logo-Dark-1.png","width":400,"height":100,"caption":"Gaelscoil na Duglaise"},"image":{"@id":"https:\/\/gaelscoilnaduglaise.ie\/#\/schema\/logo\/image\/"}}]}},"_links":{"self":[{"href":"https:\/\/gaelscoilnaduglaise.ie\/ga\/wp-json\/wp\/v2\/pages\/926","targetHints":{"allow":["GET"]}}],"collection":[{"href":"https:\/\/gaelscoilnaduglaise.ie\/ga\/wp-json\/wp\/v2\/pages"}],"about":[{"href":"https:\/\/gaelscoilnaduglaise.ie\/ga\/wp-json\/wp\/v2\/types\/page"}],"author":[{"embeddable":true,"href":"https:\/\/gaelscoilnaduglaise.ie\/ga\/wp-json\/wp\/v2\/users\/1"}],"replies":[{"embeddable":true,"href":"https:\/\/gaelscoilnaduglaise.ie\/ga\/wp-json\/wp\/v2\/comments?post=926"}],"version-history":[{"count":8,"href":"https:\/\/gaelscoilnaduglaise.ie\/ga\/wp-json\/wp\/v2\/pages\/926\/revisions"}],"predecessor-version":[{"id":1686,"href":"https:\/\/gaelscoilnaduglaise.ie\/ga\/wp-json\/wp\/v2\/pages\/926\/revisions\/1686"}],"up":[{"embeddable":true,"href":"https:\/\/gaelscoilnaduglaise.ie\/ga\/wp-json\/wp\/v2\/pages\/408"}],"wp:attachment":[{"href":"https:\/\/gaelscoilnaduglaise.ie\/ga\/wp-json\/wp\/v2\/media?parent=926"}],"curies":[{"name":"wp","href":"https:\/\/api.w.org\/{rel}","templated":true}]}}