{"id":932,"date":"2022-11-09T15:39:16","date_gmt":"2022-11-09T15:39:16","guid":{"rendered":"https:\/\/gaelscoilnaduglaise.ie\/grianghraif-scoile\/"},"modified":"2023-01-16T11:45:56","modified_gmt":"2023-01-16T11:45:56","slug":"grianghraif-scoile","status":"publish","type":"page","link":"https:\/\/gaelscoilnaduglaise.ie\/ga\/grianghraif-scoile\/","title":{"rendered":"Grianghraif Scoile"},"content":{"rendered":"<p>[et_pb_section fb_built=&#8221;1&#8243; _builder_version=&#8221;4.19.0&#8243; _module_preset=&#8221;default&#8221; global_colors_info=&#8221;{}&#8221;][et_pb_row _builder_version=&#8221;4.19.0&#8243; _module_preset=&#8221;default&#8221; global_colors_info=&#8221;{}&#8221; locked=&#8221;off&#8221;][et_pb_column type=&#8221;4_4&#8243; _builder_version=&#8221;4.19.0&#8243; _module_preset=&#8221;default&#8221; global_colors_info=&#8221;{}&#8221;][et_pb_text _builder_version=&#8221;4.19.1&#8243; _module_preset=&#8221;default&#8221; text_font_size=&#8221;18px&#8221; header_text_color=&#8221;gcid-c43fe573-562c-433a-8771-3a88f0278e57&#8243; text_orientation=&#8221;center&#8221; hover_enabled=&#8221;0&#8243; global_colors_info=&#8221;{%22gcid-c43fe573-562c-433a-8771-3a88f0278e57%22:%91%22header_text_color%22%93}&#8221; sticky_enabled=&#8221;0&#8243;]<\/p>\n<h1>Grianghraif Scoile<\/h1>\n<p>Roghnaigh an gaileara\u00ed \u00f3n liosta th\u00edos le do thoil chun na grianghraif \u00f3n mbliain sin a fheice\u00e1il.<\/p>\n<p>[\/et_pb_text][\/et_pb_column][\/et_pb_row][et_pb_row column_structure=&#8221;1_4,1_4,1_4,1_4&#8243; make_equal=&#8221;on&#8221; _builder_version=&#8221;4.19.1&#8243; _module_preset=&#8221;default&#8221; global_colors_info=&#8221;{}&#8221; locked=&#8221;off&#8221;][et_pb_column type=&#8221;1_4&#8243; _builder_version=&#8221;4.19.1&#8243; _module_preset=&#8221;default&#8221; global_colors_info=&#8221;{}&#8221;][et_pb_blurb title=&#8221;2011 \/ 2012&#8243; use_icon=&#8221;on&#8221; font_icon=&#8221;&#xf302;||fa||400&#8243; icon_color=&#8221;#239900&#8243; image_icon_width=&#8221;60px&#8221; admin_label=&#8221;Sport&#8221; _builder_version=&#8221;4.19.1&#8243; _module_preset=&#8221;default&#8221; header_font=&#8221;|600|||||||&#8221; header_text_align=&#8221;center&#8221; header_text_color=&#8221;#0C71C3&#8243; header_font_size=&#8221;30px&#8221; min_height=&#8221;250px&#8221; custom_padding=&#8221;50px||||false|false&#8221; link_option_url=&#8221;\/sport\/&#8221; hover_enabled=&#8221;0&#8243; border_radii=&#8221;on|6px|6px|6px|6px&#8221; border_width_all=&#8221;1px&#8221; border_color_all=&#8221;#bfbfbf&#8221; global_colors_info=&#8221;{}&#8221; sticky_enabled=&#8221;0&#8243;][\/et_pb_blurb][\/et_pb_column][et_pb_column type=&#8221;1_4&#8243; _builder_version=&#8221;4.19.1&#8243; _module_preset=&#8221;default&#8221; global_colors_info=&#8221;{}&#8221;][et_pb_blurb title=&#8221;2012 \/ 2013&#8243; use_icon=&#8221;on&#8221; font_icon=&#8221;&#xf302;||fa||400&#8243; icon_color=&#8221;#239900&#8243; image_icon_width=&#8221;60px&#8221; admin_label=&#8221;Sport&#8221; _builder_version=&#8221;4.19.1&#8243; _module_preset=&#8221;default&#8221; header_font=&#8221;|600|||||||&#8221; header_text_align=&#8221;center&#8221; header_text_color=&#8221;#0C71C3&#8243; header_font_size=&#8221;30px&#8221; min_height=&#8221;250px&#8221; custom_padding=&#8221;50px||||false|false&#8221; link_option_url=&#8221;\/sport\/&#8221; hover_enabled=&#8221;0&#8243; border_radii=&#8221;on|6px|6px|6px|6px&#8221; border_width_all=&#8221;1px&#8221; border_color_all=&#8221;#bfbfbf&#8221; global_colors_info=&#8221;{}&#8221; sticky_enabled=&#8221;0&#8243;][\/et_pb_blurb][\/et_pb_column][et_pb_column type=&#8221;1_4&#8243; _builder_version=&#8221;4.19.1&#8243; _module_preset=&#8221;default&#8221; global_colors_info=&#8221;{}&#8221;][et_pb_blurb title=&#8221;2013 \/ 2014&#8243; use_icon=&#8221;on&#8221; font_icon=&#8221;&#xf302;||fa||400&#8243; icon_color=&#8221;#239900&#8243; image_icon_width=&#8221;60px&#8221; admin_label=&#8221;Sport&#8221; _builder_version=&#8221;4.19.1&#8243; _module_preset=&#8221;default&#8221; header_font=&#8221;|600|||||||&#8221; header_text_align=&#8221;center&#8221; header_text_color=&#8221;#0C71C3&#8243; header_font_size=&#8221;30px&#8221; min_height=&#8221;250px&#8221; custom_padding=&#8221;50px||||false|false&#8221; link_option_url=&#8221;\/sport\/&#8221; hover_enabled=&#8221;0&#8243; border_radii=&#8221;on|6px|6px|6px|6px&#8221; border_width_all=&#8221;1px&#8221; border_color_all=&#8221;#bfbfbf&#8221; global_colors_info=&#8221;{}&#8221; sticky_enabled=&#8221;0&#8243;][\/et_pb_blurb][\/et_pb_column][et_pb_column type=&#8221;1_4&#8243; _builder_version=&#8221;4.19.1&#8243; _module_preset=&#8221;default&#8221; global_colors_info=&#8221;{}&#8221;][et_pb_blurb title=&#8221;2016 \/ 2017&#8243; use_icon=&#8221;on&#8221; font_icon=&#8221;&#xf302;||fa||400&#8243; icon_color=&#8221;#239900&#8243; image_icon_width=&#8221;60px&#8221; admin_label=&#8221;Sport&#8221; _builder_version=&#8221;4.19.1&#8243; _module_preset=&#8221;default&#8221; header_font=&#8221;|600|||||||&#8221; header_text_align=&#8221;center&#8221; header_text_color=&#8221;#0C71C3&#8243; header_font_size=&#8221;30px&#8221; min_height=&#8221;250px&#8221; custom_padding=&#8221;50px||||false|false&#8221; link_option_url=&#8221;\/sport\/&#8221; hover_enabled=&#8221;0&#8243; border_radii=&#8221;on|6px|6px|6px|6px&#8221; border_width_all=&#8221;1px&#8221; border_color_all=&#8221;#bfbfbf&#8221; global_colors_info=&#8221;{}&#8221; sticky_enabled=&#8221;0&#8243;][\/et_pb_blurb][\/et_pb_column][\/et_pb_row][\/et_pb_section]<\/p>\n","protected":false},"excerpt":{"rendered":"<p>Grianghraif Scoile Roghnaigh an gaileara\u00ed \u00f3n liosta th\u00edos le do thoil chun na grianghraif \u00f3n mbliain sin a fheice\u00e1il.<\/p>\n","protected":false},"author":1,"featured_media":0,"parent":0,"menu_order":0,"comment_status":"closed","ping_status":"closed","template":"","meta":{"_et_pb_use_builder":"on","_et_pb_old_content":"","_et_gb_content_width":"","ngg_post_thumbnail":0,"footnotes":""},"class_list":["post-932","page","type-page","status-publish","hentry"],"yoast_head":"<!-- This site is optimized with the Yoast SEO plugin v24.0 - https:\/\/yoast.com\/wordpress\/plugins\/seo\/ -->\n<title>Grianghraif Scoile - GND<\/title>\n<meta name=\"robots\" content=\"index, follow, max-snippet:-1, max-image-preview:large, max-video-preview:-1\" \/>\n<link rel=\"canonical\" href=\"https:\/\/gaelscoilnaduglaise.ie\/ga\/grianghraif-scoile\/\" \/>\n<meta property=\"og:locale\" content=\"ga_IE\" \/>\n<meta property=\"og:type\" content=\"article\" \/>\n<meta property=\"og:title\" content=\"Grianghraif Scoile - GND\" \/>\n<meta property=\"og:description\" content=\"Grianghraif Scoile Roghnaigh an gaileara\u00ed \u00f3n liosta th\u00edos le do thoil chun na grianghraif \u00f3n mbliain sin a fheice\u00e1il.\" \/>\n<meta property=\"og:url\" content=\"https:\/\/gaelscoilnaduglaise.ie\/ga\/grianghraif-scoile\/\" \/>\n<meta property=\"og:site_name\" content=\"GND\" \/>\n<meta property=\"article:modified_time\" content=\"2023-01-16T11:45:56+00:00\" \/>\n<meta name=\"twitter:card\" content=\"summary_large_image\" \/>\n<meta name=\"twitter:label1\" content=\"Est. reading time\" \/>\n\t<meta name=\"twitter:data1\" content=\"3 minutes\" \/>\n<script type=\"application\/ld+json\" class=\"yoast-schema-graph\">{\"@context\":\"https:\/\/schema.org\",\"@graph\":[{\"@type\":\"WebPage\",\"@id\":\"https:\/\/gaelscoilnaduglaise.ie\/ga\/grianghraif-scoile\/\",\"url\":\"https:\/\/gaelscoilnaduglaise.ie\/ga\/grianghraif-scoile\/\",\"name\":\"Grianghraif Scoile - GND\",\"isPartOf\":{\"@id\":\"https:\/\/gaelscoilnaduglaise.ie\/#website\"},\"datePublished\":\"2022-11-09T15:39:16+00:00\",\"dateModified\":\"2023-01-16T11:45:56+00:00\",\"breadcrumb\":{\"@id\":\"https:\/\/gaelscoilnaduglaise.ie\/ga\/grianghraif-scoile\/#breadcrumb\"},\"inLanguage\":\"ga-IE\",\"potentialAction\":[{\"@type\":\"ReadAction\",\"target\":[\"https:\/\/gaelscoilnaduglaise.ie\/ga\/grianghraif-scoile\/\"]}]},{\"@type\":\"BreadcrumbList\",\"@id\":\"https:\/\/gaelscoilnaduglaise.ie\/ga\/grianghraif-scoile\/#breadcrumb\",\"itemListElement\":[{\"@type\":\"ListItem\",\"position\":1,\"name\":\"Home\",\"item\":\"https:\/\/gaelscoilnaduglaise.ie\/ga\/leathanach-baile\/\"},{\"@type\":\"ListItem\",\"position\":2,\"name\":\"Grianghraif Scoile\"}]},{\"@type\":\"WebSite\",\"@id\":\"https:\/\/gaelscoilnaduglaise.ie\/#website\",\"url\":\"https:\/\/gaelscoilnaduglaise.ie\/\",\"name\":\"Gaelscoil na Duglaise\",\"description\":\"Gaelscoil Na Duglaise\",\"publisher\":{\"@id\":\"https:\/\/gaelscoilnaduglaise.ie\/#organization\"},\"potentialAction\":[{\"@type\":\"SearchAction\",\"target\":{\"@type\":\"EntryPoint\",\"urlTemplate\":\"https:\/\/gaelscoilnaduglaise.ie\/?s={search_term_string}\"},\"query-input\":{\"@type\":\"PropertyValueSpecification\",\"valueRequired\":true,\"valueName\":\"search_term_string\"}}],\"inLanguage\":\"ga-IE\"},{\"@type\":\"Organization\",\"@id\":\"https:\/\/gaelscoilnaduglaise.ie\/#organization\",\"name\":\"Gaelscoil na Duglaise\",\"url\":\"https:\/\/gaelscoilnaduglaise.ie\/\",\"logo\":{\"@type\":\"ImageObject\",\"inLanguage\":\"ga-IE\",\"@id\":\"https:\/\/gaelscoilnaduglaise.ie\/#\/schema\/logo\/image\/\",\"url\":\"https:\/\/gaelscoilnaduglaise.ie\/wp-content\/uploads\/2023\/09\/GND-Logo-Dark-1.png\",\"contentUrl\":\"https:\/\/gaelscoilnaduglaise.ie\/wp-content\/uploads\/2023\/09\/GND-Logo-Dark-1.png\",\"width\":400,\"height\":100,\"caption\":\"Gaelscoil na Duglaise\"},\"image\":{\"@id\":\"https:\/\/gaelscoilnaduglaise.ie\/#\/schema\/logo\/image\/\"}}]}<\/script>\n<!-- \/ Yoast SEO plugin. -->","yoast_head_json":{"title":"Grianghraif Scoile - GND","robots":{"index":"index","follow":"follow","max-snippet":"max-snippet:-1","max-image-preview":"max-image-preview:large","max-video-preview":"max-video-preview:-1"},"canonical":"https:\/\/gaelscoilnaduglaise.ie\/ga\/grianghraif-scoile\/","og_locale":"ga_IE","og_type":"article","og_title":"Grianghraif Scoile - GND","og_description":"Grianghraif Scoile Roghnaigh an gaileara\u00ed \u00f3n liosta th\u00edos le do thoil chun na grianghraif \u00f3n mbliain sin a fheice\u00e1il.","og_url":"https:\/\/gaelscoilnaduglaise.ie\/ga\/grianghraif-scoile\/","og_site_name":"GND","article_modified_time":"2023-01-16T11:45:56+00:00","twitter_card":"summary_large_image","twitter_misc":{"Est. reading time":"3 minutes"},"schema":{"@context":"https:\/\/schema.org","@graph":[{"@type":"WebPage","@id":"https:\/\/gaelscoilnaduglaise.ie\/ga\/grianghraif-scoile\/","url":"https:\/\/gaelscoilnaduglaise.ie\/ga\/grianghraif-scoile\/","name":"Grianghraif Scoile - GND","isPartOf":{"@id":"https:\/\/gaelscoilnaduglaise.ie\/#website"},"datePublished":"2022-11-09T15:39:16+00:00","dateModified":"2023-01-16T11:45:56+00:00","breadcrumb":{"@id":"https:\/\/gaelscoilnaduglaise.ie\/ga\/grianghraif-scoile\/#breadcrumb"},"inLanguage":"ga-IE","potentialAction":[{"@type":"ReadAction","target":["https:\/\/gaelscoilnaduglaise.ie\/ga\/grianghraif-scoile\/"]}]},{"@type":"BreadcrumbList","@id":"https:\/\/gaelscoilnaduglaise.ie\/ga\/grianghraif-scoile\/#breadcrumb","itemListElement":[{"@type":"ListItem","position":1,"name":"Home","item":"https:\/\/gaelscoilnaduglaise.ie\/ga\/leathanach-baile\/"},{"@type":"ListItem","position":2,"name":"Grianghraif Scoile"}]},{"@type":"WebSite","@id":"https:\/\/gaelscoilnaduglaise.ie\/#website","url":"https:\/\/gaelscoilnaduglaise.ie\/","name":"Gaelscoil na Duglaise","description":"Gaelscoil Na Duglaise","publisher":{"@id":"https:\/\/gaelscoilnaduglaise.ie\/#organization"},"potentialAction":[{"@type":"SearchAction","target":{"@type":"EntryPoint","urlTemplate":"https:\/\/gaelscoilnaduglaise.ie\/?s={search_term_string}"},"query-input":{"@type":"PropertyValueSpecification","valueRequired":true,"valueName":"search_term_string"}}],"inLanguage":"ga-IE"},{"@type":"Organization","@id":"https:\/\/gaelscoilnaduglaise.ie\/#organization","name":"Gaelscoil na Duglaise","url":"https:\/\/gaelscoilnaduglaise.ie\/","logo":{"@type":"ImageObject","inLanguage":"ga-IE","@id":"https:\/\/gaelscoilnaduglaise.ie\/#\/schema\/logo\/image\/","url":"https:\/\/gaelscoilnaduglaise.ie\/wp-content\/uploads\/2023\/09\/GND-Logo-Dark-1.png","contentUrl":"https:\/\/gaelscoilnaduglaise.ie\/wp-content\/uploads\/2023\/09\/GND-Logo-Dark-1.png","width":400,"height":100,"caption":"Gaelscoil na Duglaise"},"image":{"@id":"https:\/\/gaelscoilnaduglaise.ie\/#\/schema\/logo\/image\/"}}]}},"_links":{"self":[{"href":"https:\/\/gaelscoilnaduglaise.ie\/ga\/wp-json\/wp\/v2\/pages\/932","targetHints":{"allow":["GET"]}}],"collection":[{"href":"https:\/\/gaelscoilnaduglaise.ie\/ga\/wp-json\/wp\/v2\/pages"}],"about":[{"href":"https:\/\/gaelscoilnaduglaise.ie\/ga\/wp-json\/wp\/v2\/types\/page"}],"author":[{"embeddable":true,"href":"https:\/\/gaelscoilnaduglaise.ie\/ga\/wp-json\/wp\/v2\/users\/1"}],"replies":[{"embeddable":true,"href":"https:\/\/gaelscoilnaduglaise.ie\/ga\/wp-json\/wp\/v2\/comments?post=932"}],"version-history":[{"count":2,"href":"https:\/\/gaelscoilnaduglaise.ie\/ga\/wp-json\/wp\/v2\/pages\/932\/revisions"}],"predecessor-version":[{"id":934,"href":"https:\/\/gaelscoilnaduglaise.ie\/ga\/wp-json\/wp\/v2\/pages\/932\/revisions\/934"}],"wp:attachment":[{"href":"https:\/\/gaelscoilnaduglaise.ie\/ga\/wp-json\/wp\/v2\/media?parent=932"}],"curies":[{"name":"wp","href":"https:\/\/api.w.org\/{rel}","templated":true}]}}