{"id":983,"date":"2023-01-17T10:39:08","date_gmt":"2023-01-17T10:39:08","guid":{"rendered":"https:\/\/gaelscoilnaduglaise.ie\/cumann-na-dtuismitheoiri\/"},"modified":"2023-01-17T10:41:30","modified_gmt":"2023-01-17T10:41:30","slug":"cumann-na-dtuismitheoiri","status":"publish","type":"page","link":"https:\/\/gaelscoilnaduglaise.ie\/ga\/cumann-na-dtuismitheoiri\/","title":{"rendered":"Cumann na dTuismitheoir\u00ed"},"content":{"rendered":"<p>[et_pb_section fb_built=&#8221;1&#8243; admin_label=&#8221;Header Section&#8221; _builder_version=&#8221;4.19.1&#8243; _module_preset=&#8221;default&#8221; background_color=&#8221;rgba(0,0,0,0.4)&#8221; background_image=&#8221;https:\/\/gaelscoilnaduglaise.ie\/wp-content\/uploads\/2023\/01\/Parent-Group.jpg&#8221; background_blend=&#8221;overlay&#8221; height=&#8221;60vh&#8221; custom_padding=&#8221;15vh||||false|false&#8221; hover_enabled=&#8221;0&#8243; locked=&#8221;off&#8221; global_colors_info=&#8221;{}&#8221; alt=&#8221;Parent Group&#8221; sticky_enabled=&#8221;0&#8243;][et_pb_row _builder_version=&#8221;4.19.0&#8243; _module_preset=&#8221;default&#8221; global_colors_info=&#8221;{}&#8221;][et_pb_column type=&#8221;4_4&#8243; _builder_version=&#8221;4.19.0&#8243; _module_preset=&#8221;default&#8221; global_colors_info=&#8221;{}&#8221;][et_pb_text _builder_version=&#8221;4.19.1&#8243; _dynamic_attributes=&#8221;content&#8221; _module_preset=&#8221;default&#8221; background_color=&#8221;RGBA(255,255,255,0)&#8221; global_colors_info=&#8221;{}&#8221;]@ET-DC@eyJkeW5hbWljIjp0cnVlLCJjb250ZW50IjoicG9zdF90aXRsZSIsInNldHRpbmdzIjp7ImJlZm9yZSI6IjxoMT4iLCJhZnRlciI6IjxcL2gxPiJ9fQ==@[\/et_pb_text][\/et_pb_column][\/et_pb_row][\/et_pb_section][et_pb_section fb_built=&#8221;1&#8243; _builder_version=&#8221;4.19.0&#8243; _module_preset=&#8221;default&#8221; min_height=&#8221;70vh&#8221; custom_padding=&#8221;||100px|||&#8221; global_colors_info=&#8221;{}&#8221;][et_pb_row _builder_version=&#8221;4.19.0&#8243; _module_preset=&#8221;default&#8221; global_colors_info=&#8221;{}&#8221;][et_pb_column type=&#8221;4_4&#8243; _builder_version=&#8221;4.19.0&#8243; _module_preset=&#8221;default&#8221; global_colors_info=&#8221;{}&#8221;][et_pb_text _builder_version=&#8221;4.19.1&#8243; _module_preset=&#8221;default&#8221; global_colors_info=&#8221;{}&#8221;]<\/p>\n<div>Is tuismitheoir\u00ed sinn a roinneann \u00e1r gcuid ama agus ar gcuid dtalainn i gcomhairle leis an scoil ar mhaithe le timpeallacht thaitneamh a chur chun cinn do na p\u00e1ist\u00ed. D\u00e9anaimid iarracht cur le atmaisf\u00e9ar foghlama na scoile cib\u00e9 sl\u00ed gur f\u00e9idir linn.\u00a0<strong>Cuirimid f\u00e1ilte roimh do thuairim\u00ed nua agus do chuid cabhrach am ar bith.<\/strong><\/div>\n<h4>T\u00e1 s\u00ed mar aidhm ag Cumann na dTuismitheoir\u00ed:<\/h4>\n<ul>\n<li>\n<div>Dul i gcomhairle le tuismitheoir\u00ed ionas go mbeidh guth acu maidir le polasaithe na scoile<\/div>\n<\/li>\n<li>\n<div>Gn\u00edomha\u00edochta\u00ed a eagr\u00fa a thaca\u00edonn le rannph\u00e1irt\u00edocht idir scoil agus baile ar mhaithe na bp\u00e1ist\u00ed ar fad.<\/div>\n<\/li>\n<li>\n<div>Aiseolas a fh\u00e1il \u00f3 phaist\u00ed agus \u00f3 mh\u00fainteoir\u00ed faoi conas go bhf\u00e9adfadh Cumann na dTuismitheoir\u00ed cabhr\u00fa leo.<\/div>\n<\/li>\n<li>\n<div>Tac\u00fa agus dul i gcomhairle leis an bpr\u00edomhoide agus an mBord Bainist\u00edochta.<\/div>\n<\/li>\n<\/ul>\n<h4>Roinnt gn\u00edomha\u00edochta\u00ed at\u00e1 eagraithe againn le\u00a0 blianta anuas<\/h4>\n<ul>\n<li>F\u00e9asta O\u00edche Shamhna<\/li>\n<li>F\u00e9asta na C\u00e1sca<\/li>\n<li>Maidineacha caife do thuismitheoir\u00ed<\/li>\n<li>O\u00edcheanta eolais do thuismitheoir\u00ed<\/li>\n<li>Operation Christmas Child<\/li>\n<li>Dl\u00fathdhiosca na Nollag<\/li>\n<li>L\u00e1 shl\u00e1inti\u00fail<\/li>\n<li>Ceili\u00faradh don Chomaoineach<\/li>\n<li>C\u00e9il\u00ed agus disc\u00f3 do ph\u00e1ist\u00ed<\/li>\n<li>Baili\u00fachan Leabhar<\/li>\n<li>Seo Tallaine R6<\/li>\n<li>C\u00e9ili\u00faradh Deireadh na Bliana R6<\/li>\n<li>Seo Faisin<\/li>\n<li>O\u00edcheanta i Monkey Maze<\/li>\n<\/ul>\n<p>[\/et_pb_text][\/et_pb_column][\/et_pb_row][\/et_pb_section]<\/p>\n","protected":false},"excerpt":{"rendered":"<p>Is tuismitheoir\u00ed sinn a roinneann \u00e1r gcuid ama agus ar gcuid dtalainn i gcomhairle leis an scoil ar mhaithe le timpeallacht thaitneamh a chur chun cinn do na p\u00e1ist\u00ed. D\u00e9anaimid iarracht cur le atmaisf\u00e9ar foghlama na scoile cib\u00e9 sl\u00ed gur f\u00e9idir linn.\u00a0Cuirimid f\u00e1ilte roimh do thuairim\u00ed nua agus do chuid cabhrach am ar bith. T\u00e1 [&hellip;]<\/p>\n","protected":false},"author":1,"featured_media":0,"parent":0,"menu_order":0,"comment_status":"closed","ping_status":"closed","template":"","meta":{"_et_pb_use_builder":"on","_et_pb_old_content":"[et_pb_section fb_built=\"1\" admin_label=\"Header Section\" _builder_version=\"4.19.1\" _module_preset=\"default\" background_color=\"rgba(0,0,0,0.4)\" background_image=\"https:\/\/gaelscoilnaduglaise.ie\/wp-content\/uploads\/2023\/01\/GNA-Jersey-Back.jpg\" background_blend=\"overlay\" height=\"60vh\" custom_padding=\"15vh||||false|false\" hover_enabled=\"0\" locked=\"off\" global_colors_info=\"{}\" sticky_enabled=\"0\"][et_pb_row _builder_version=\"4.19.0\" _module_preset=\"default\" global_colors_info=\"{}\"][et_pb_column type=\"4_4\" _builder_version=\"4.19.0\" _module_preset=\"default\" global_colors_info=\"{}\"][et_pb_text _builder_version=\"4.19.1\" _module_preset=\"default\" hover_enabled=\"0\" global_colors_info=\"{}\" background_color=\"RGBA(255,255,255,0)\" sticky_enabled=\"0\"]<h1>School History<\/h1>[\/et_pb_text][\/et_pb_column][\/et_pb_row][\/et_pb_section][et_pb_section fb_built=\"1\" _builder_version=\"4.19.0\" _module_preset=\"default\" min_height=\"70vh\" custom_padding=\"||100px|||\" global_colors_info=\"{}\"][et_pb_row _builder_version=\"4.19.0\" _module_preset=\"default\" global_colors_info=\"{}\"][et_pb_column type=\"4_4\" _builder_version=\"4.19.0\" _module_preset=\"default\" global_colors_info=\"{}\"][et_pb_text _builder_version=\"4.19.1\" _module_preset=\"default\" global_colors_info=\"{}\"]<p>Gaelscoil an Athar Tadhg \u00d3 Murch\u00fa, Gaelscoil na D\u00faglaise, Douglas was established in 1985 with 20 pupils as a result of a campaign launched by a group of parents and other interested parties. The school was named in honour of An tAthair Tadhg \u00f3 Murch\u00fa a cork priest who did much during his life to nurture the Irish language and culture.<\/p>\r\n<p>The first Chairperson of Gaelscoil na D\u00faglaise was Seamus \u00d3 Riain, followed by Derek \u00d3\u2019 Nuallain until 1999. Derek was succeeded by \u00c1ine Bean Mhic She\u00e1in who was Chairperson until 2007.Tom\u00e1s Breathnach succeeded \u00c1ine until 2011 . Don Hegarty was Chairperson from 2011 - 2015. The present chairperson is Mr. James Lee. The first Principal, M\u00e1ire U\u00ed Chonghaile (currently a schools\u2019 inspector) was appointed in 1985. P\u00e1draig Mac Fhlannchadha (also a schools inspector now) took up the helm in 2000. He was succeeded by Niamh N\u00ed Mhaol\u00e1in in 2002. Niamh was appointed as Director of the Cork Education Support Centre in September 2015. Andrias \u00d3 Foghl\u00fa is the current Principal. The school has grown into a twenty four teacher school with over 400 pupils of nine different nationalities on roll.<\/p>\r\n<p>The school was initially accommodated in rented rooms at Col\u00e1iste Mhuire, Douglas, residence of the Presentation Brothers. This is now Reeveswood. All in Gaelscoil na D\u00faglaise are much obliged to the Brothers for their support, friendship and co-operation during our years there.<\/p>\r\n<p>As a result of much work and co-operation between management, teachers and parents, over the years we finally settled into our new school building which is situated off the South Link and the South Douglas Road. It was officially opened by Minister Michael Martin in 1996. This fine building has cost the Department of Education over a million pounds and comprised eight classrooms, a hall and ancillary rooms - staffroom, library\/resource room, secretary\u2019s office and principal\u2019s office. It was evident quite quickly that additional accommodation was needed to meet the demand for Irish medium education in the Douglas area. A further 8 classrooms and computer room were opened in 2004. Gaelscoil na D\u00faglaise has well and truly found its permanent home in the community of Douglas. Gaelscoil na D\u00faglaise celebrated 25 years in 2010-2011. President Mary Mc Aleese honoured the school by visiting on 26th of November 2010.<\/p>[\/et_pb_text][\/et_pb_column][\/et_pb_row][\/et_pb_section]","_et_gb_content_width":"","ngg_post_thumbnail":0,"footnotes":""},"class_list":["post-983","page","type-page","status-publish","hentry"],"yoast_head":"<!-- This site is optimized with the Yoast SEO plugin v24.0 - https:\/\/yoast.com\/wordpress\/plugins\/seo\/ -->\n<title>Cumann na dTuismitheoir\u00ed - GND<\/title>\n<meta name=\"robots\" content=\"index, follow, max-snippet:-1, max-image-preview:large, max-video-preview:-1\" \/>\n<link rel=\"canonical\" href=\"https:\/\/gaelscoilnaduglaise.ie\/ga\/cumann-na-dtuismitheoiri\/\" \/>\n<meta property=\"og:locale\" content=\"ga_IE\" \/>\n<meta property=\"og:type\" content=\"article\" \/>\n<meta property=\"og:title\" content=\"Cumann na dTuismitheoir\u00ed - GND\" \/>\n<meta property=\"og:description\" content=\"Is tuismitheoir\u00ed sinn a roinneann \u00e1r gcuid ama agus ar gcuid dtalainn i gcomhairle leis an scoil ar mhaithe le timpeallacht thaitneamh a chur chun cinn do na p\u00e1ist\u00ed. D\u00e9anaimid iarracht cur le atmaisf\u00e9ar foghlama na scoile cib\u00e9 sl\u00ed gur f\u00e9idir linn.\u00a0Cuirimid f\u00e1ilte roimh do thuairim\u00ed nua agus do chuid cabhrach am ar bith. T\u00e1 [&hellip;]\" \/>\n<meta property=\"og:url\" content=\"https:\/\/gaelscoilnaduglaise.ie\/ga\/cumann-na-dtuismitheoiri\/\" \/>\n<meta property=\"og:site_name\" content=\"GND\" \/>\n<meta property=\"article:modified_time\" content=\"2023-01-17T10:41:30+00:00\" \/>\n<meta name=\"twitter:card\" content=\"summary_large_image\" \/>\n<meta name=\"twitter:label1\" content=\"Est. reading time\" \/>\n\t<meta name=\"twitter:data1\" content=\"2 minutes\" \/>\n<script type=\"application\/ld+json\" class=\"yoast-schema-graph\">{\"@context\":\"https:\/\/schema.org\",\"@graph\":[{\"@type\":\"WebPage\",\"@id\":\"https:\/\/gaelscoilnaduglaise.ie\/ga\/cumann-na-dtuismitheoiri\/\",\"url\":\"https:\/\/gaelscoilnaduglaise.ie\/ga\/cumann-na-dtuismitheoiri\/\",\"name\":\"Cumann na dTuismitheoir\u00ed - GND\",\"isPartOf\":{\"@id\":\"https:\/\/gaelscoilnaduglaise.ie\/#website\"},\"datePublished\":\"2023-01-17T10:39:08+00:00\",\"dateModified\":\"2023-01-17T10:41:30+00:00\",\"breadcrumb\":{\"@id\":\"https:\/\/gaelscoilnaduglaise.ie\/ga\/cumann-na-dtuismitheoiri\/#breadcrumb\"},\"inLanguage\":\"ga-IE\",\"potentialAction\":[{\"@type\":\"ReadAction\",\"target\":[\"https:\/\/gaelscoilnaduglaise.ie\/ga\/cumann-na-dtuismitheoiri\/\"]}]},{\"@type\":\"BreadcrumbList\",\"@id\":\"https:\/\/gaelscoilnaduglaise.ie\/ga\/cumann-na-dtuismitheoiri\/#breadcrumb\",\"itemListElement\":[{\"@type\":\"ListItem\",\"position\":1,\"name\":\"Home\",\"item\":\"https:\/\/gaelscoilnaduglaise.ie\/ga\/leathanach-baile\/\"},{\"@type\":\"ListItem\",\"position\":2,\"name\":\"Cumann na dTuismitheoir\u00ed\"}]},{\"@type\":\"WebSite\",\"@id\":\"https:\/\/gaelscoilnaduglaise.ie\/#website\",\"url\":\"https:\/\/gaelscoilnaduglaise.ie\/\",\"name\":\"Gaelscoil na Duglaise\",\"description\":\"Gaelscoil Na Duglaise\",\"publisher\":{\"@id\":\"https:\/\/gaelscoilnaduglaise.ie\/#organization\"},\"potentialAction\":[{\"@type\":\"SearchAction\",\"target\":{\"@type\":\"EntryPoint\",\"urlTemplate\":\"https:\/\/gaelscoilnaduglaise.ie\/?s={search_term_string}\"},\"query-input\":{\"@type\":\"PropertyValueSpecification\",\"valueRequired\":true,\"valueName\":\"search_term_string\"}}],\"inLanguage\":\"ga-IE\"},{\"@type\":\"Organization\",\"@id\":\"https:\/\/gaelscoilnaduglaise.ie\/#organization\",\"name\":\"Gaelscoil na Duglaise\",\"url\":\"https:\/\/gaelscoilnaduglaise.ie\/\",\"logo\":{\"@type\":\"ImageObject\",\"inLanguage\":\"ga-IE\",\"@id\":\"https:\/\/gaelscoilnaduglaise.ie\/#\/schema\/logo\/image\/\",\"url\":\"https:\/\/gaelscoilnaduglaise.ie\/wp-content\/uploads\/2023\/09\/GND-Logo-Dark-1.png\",\"contentUrl\":\"https:\/\/gaelscoilnaduglaise.ie\/wp-content\/uploads\/2023\/09\/GND-Logo-Dark-1.png\",\"width\":400,\"height\":100,\"caption\":\"Gaelscoil na Duglaise\"},\"image\":{\"@id\":\"https:\/\/gaelscoilnaduglaise.ie\/#\/schema\/logo\/image\/\"}}]}<\/script>\n<!-- \/ Yoast SEO plugin. -->","yoast_head_json":{"title":"Cumann na dTuismitheoir\u00ed - GND","robots":{"index":"index","follow":"follow","max-snippet":"max-snippet:-1","max-image-preview":"max-image-preview:large","max-video-preview":"max-video-preview:-1"},"canonical":"https:\/\/gaelscoilnaduglaise.ie\/ga\/cumann-na-dtuismitheoiri\/","og_locale":"ga_IE","og_type":"article","og_title":"Cumann na dTuismitheoir\u00ed - GND","og_description":"Is tuismitheoir\u00ed sinn a roinneann \u00e1r gcuid ama agus ar gcuid dtalainn i gcomhairle leis an scoil ar mhaithe le timpeallacht thaitneamh a chur chun cinn do na p\u00e1ist\u00ed. D\u00e9anaimid iarracht cur le atmaisf\u00e9ar foghlama na scoile cib\u00e9 sl\u00ed gur f\u00e9idir linn.\u00a0Cuirimid f\u00e1ilte roimh do thuairim\u00ed nua agus do chuid cabhrach am ar bith. T\u00e1 [&hellip;]","og_url":"https:\/\/gaelscoilnaduglaise.ie\/ga\/cumann-na-dtuismitheoiri\/","og_site_name":"GND","article_modified_time":"2023-01-17T10:41:30+00:00","twitter_card":"summary_large_image","twitter_misc":{"Est. reading time":"2 minutes"},"schema":{"@context":"https:\/\/schema.org","@graph":[{"@type":"WebPage","@id":"https:\/\/gaelscoilnaduglaise.ie\/ga\/cumann-na-dtuismitheoiri\/","url":"https:\/\/gaelscoilnaduglaise.ie\/ga\/cumann-na-dtuismitheoiri\/","name":"Cumann na dTuismitheoir\u00ed - GND","isPartOf":{"@id":"https:\/\/gaelscoilnaduglaise.ie\/#website"},"datePublished":"2023-01-17T10:39:08+00:00","dateModified":"2023-01-17T10:41:30+00:00","breadcrumb":{"@id":"https:\/\/gaelscoilnaduglaise.ie\/ga\/cumann-na-dtuismitheoiri\/#breadcrumb"},"inLanguage":"ga-IE","potentialAction":[{"@type":"ReadAction","target":["https:\/\/gaelscoilnaduglaise.ie\/ga\/cumann-na-dtuismitheoiri\/"]}]},{"@type":"BreadcrumbList","@id":"https:\/\/gaelscoilnaduglaise.ie\/ga\/cumann-na-dtuismitheoiri\/#breadcrumb","itemListElement":[{"@type":"ListItem","position":1,"name":"Home","item":"https:\/\/gaelscoilnaduglaise.ie\/ga\/leathanach-baile\/"},{"@type":"ListItem","position":2,"name":"Cumann na dTuismitheoir\u00ed"}]},{"@type":"WebSite","@id":"https:\/\/gaelscoilnaduglaise.ie\/#website","url":"https:\/\/gaelscoilnaduglaise.ie\/","name":"Gaelscoil na Duglaise","description":"Gaelscoil Na Duglaise","publisher":{"@id":"https:\/\/gaelscoilnaduglaise.ie\/#organization"},"potentialAction":[{"@type":"SearchAction","target":{"@type":"EntryPoint","urlTemplate":"https:\/\/gaelscoilnaduglaise.ie\/?s={search_term_string}"},"query-input":{"@type":"PropertyValueSpecification","valueRequired":true,"valueName":"search_term_string"}}],"inLanguage":"ga-IE"},{"@type":"Organization","@id":"https:\/\/gaelscoilnaduglaise.ie\/#organization","name":"Gaelscoil na Duglaise","url":"https:\/\/gaelscoilnaduglaise.ie\/","logo":{"@type":"ImageObject","inLanguage":"ga-IE","@id":"https:\/\/gaelscoilnaduglaise.ie\/#\/schema\/logo\/image\/","url":"https:\/\/gaelscoilnaduglaise.ie\/wp-content\/uploads\/2023\/09\/GND-Logo-Dark-1.png","contentUrl":"https:\/\/gaelscoilnaduglaise.ie\/wp-content\/uploads\/2023\/09\/GND-Logo-Dark-1.png","width":400,"height":100,"caption":"Gaelscoil na Duglaise"},"image":{"@id":"https:\/\/gaelscoilnaduglaise.ie\/#\/schema\/logo\/image\/"}}]}},"_links":{"self":[{"href":"https:\/\/gaelscoilnaduglaise.ie\/ga\/wp-json\/wp\/v2\/pages\/983","targetHints":{"allow":["GET"]}}],"collection":[{"href":"https:\/\/gaelscoilnaduglaise.ie\/ga\/wp-json\/wp\/v2\/pages"}],"about":[{"href":"https:\/\/gaelscoilnaduglaise.ie\/ga\/wp-json\/wp\/v2\/types\/page"}],"author":[{"embeddable":true,"href":"https:\/\/gaelscoilnaduglaise.ie\/ga\/wp-json\/wp\/v2\/users\/1"}],"replies":[{"embeddable":true,"href":"https:\/\/gaelscoilnaduglaise.ie\/ga\/wp-json\/wp\/v2\/comments?post=983"}],"version-history":[{"count":6,"href":"https:\/\/gaelscoilnaduglaise.ie\/ga\/wp-json\/wp\/v2\/pages\/983\/revisions"}],"predecessor-version":[{"id":990,"href":"https:\/\/gaelscoilnaduglaise.ie\/ga\/wp-json\/wp\/v2\/pages\/983\/revisions\/990"}],"wp:attachment":[{"href":"https:\/\/gaelscoilnaduglaise.ie\/ga\/wp-json\/wp\/v2\/media?parent=983"}],"curies":[{"name":"wp","href":"https:\/\/api.w.org\/{rel}","templated":true}]}}